{"id":18020,"date":"2021-10-03T15:01:10","date_gmt":"2021-10-03T14:01:10","guid":{"rendered":"https:\/\/interlab-bv.nl\/product\/abriebpruefmaschine\/"},"modified":"2022-07-30T15:50:26","modified_gmt":"2022-07-30T14:50:26","slug":"abriebpruefmaschine","status":"publish","type":"product","link":"https:\/\/interlab-bv.nl\/de\/produkt\/abriebpruefmaschine\/","title":{"rendered":"Abriebpr\u00fcfmaschine"},"content":{"rendered":"<p>Abriebpr\u00fcfmaschine bestehend aus einem stabilen pulverbeschichtetem Geh\u00e4use mit Sicherheits-Klappdeckel (Schallschutz optional m\u00f6glich, Schallreduzierung auf ca. 65 dB(A)). Elektroantrieb mit elektronischem Z\u00e4hler-Display, zwei w\u00e4hlbaren Geschwindigkeiten (90 oder 100 1\/min) und automatischer Abschaltung. Ohne Trommeln (Betrieb mit 4 St\u00fcck 42-0630E10 bzw. 2 St\u00fcck 42-0630E20 oder je 1 x 42-0630E30 + 42-0630E35 gleichzeitig m\u00f6glich bzw. empfohlen), Stahlkugeln und Schallschutzisolierung.<\/p>\n","protected":false},"excerpt":{"rendered":"bestehend aus einem stabilen pulverbeschichtetem Geh\u00e4use mit Sicherheits-Klappdeckel (Schallschutz optional m\u00f6glich, Schallreduzierung auf ca. 65 dB(A)). Elektroantrieb mit elektronischem Z\u00e4hler-Display, zwei w\u00e4hlbaren Geschwindigkeiten (90 oder 100 &#8230;..","protected":false},"featured_media":17086,"comment_status":"closed","ping_status":"closed","template":"","meta":[],"product_brand":[],"product_cat":[2108,2112],"product_tag":[3120],"class_list":{"0":"post-18020","1":"product","2":"type-product","3":"status-publish","4":"has-post-thumbnail","6":"product_cat-bereich-42-mineralstoffe","7":"product_cat-abriebpruefmaschinen","8":"product_tag-abrieb","10":"first","11":"instock","12":"product-type-simple"},"_links":{"self":[{"href":"https:\/\/interlab-bv.nl\/de\/wp-json\/wp\/v2\/product\/18020","targetHints":{"allow":["GET"]}}],"collection":[{"href":"https:\/\/interlab-bv.nl\/de\/wp-json\/wp\/v2\/product"}],"about":[{"href":"https:\/\/interlab-bv.nl\/de\/wp-json\/wp\/v2\/types\/product"}],"replies":[{"embeddable":true,"href":"https:\/\/interlab-bv.nl\/de\/wp-json\/wp\/v2\/comments?post=18020"}],"wp:featuredmedia":[{"embeddable":true,"href":"https:\/\/interlab-bv.nl\/de\/wp-json\/wp\/v2\/media\/17086"}],"wp:attachment":[{"href":"https:\/\/interlab-bv.nl\/de\/wp-json\/wp\/v2\/media?parent=18020"}],"wp:term":[{"taxonomy":"product_brand","embeddable":true,"href":"https:\/\/interlab-bv.nl\/de\/wp-json\/wp\/v2\/product_brand?post=18020"},{"taxonomy":"product_cat","embeddable":true,"href":"https:\/\/interlab-bv.nl\/de\/wp-json\/wp\/v2\/product_cat?post=18020"},{"taxonomy":"product_tag","embeddable":true,"href":"https:\/\/interlab-bv.nl\/de\/wp-json\/wp\/v2\/product_tag?post=18020"}],"curies":[{"name":"wp","href":"https:\/\/api.w.org\/{rel}","templated":true}]}}