{"id":18021,"date":"2021-10-03T14:58:30","date_gmt":"2021-10-03T13:58:30","guid":{"rendered":"https:\/\/interlab-bv.nl\/product\/abschergestell-100-mm\/"},"modified":"2022-07-30T15:54:50","modified_gmt":"2022-07-30T14:54:50","slug":"abschergestell-100-mm","status":"publish","type":"product","link":"https:\/\/interlab-bv.nl\/de\/produkt\/abschergestell-100-mm\/","title":{"rendered":"Abschergestell 100\u00a0mm"},"content":{"rendered":"<p>Abschergestell 100\u00a0mm f\u00fcr Bohrkerne \u00d8 100 mm zur Pr\u00fcfung des Schichtenverbundes (nach Leutner) und der Scherfestigkeit. Pr\u00fcfgestell aus Aluminium mit geh\u00e4rteten, auswechselbaren Scherbacken und 2 F\u00fchrungss\u00e4ulen, gelagert in Kugelf\u00fchrungsb\u00fcchsen. Einbauh\u00f6he 220 mm, passend zu Pr\u00fcfmaschinen 20-1650..<\/p>\n","protected":false},"excerpt":{"rendered":"f\u00fcr Bohrkerne \u00d8 100 mm zur Pr\u00fcfung des Schichtenverbundes (nach Leutner) und der Scherfestigkeit. Pr\u00fcfgestell aus Aluminium mit geh\u00e4rteten, auswechselbaren Scherbacken und 2 F\u00fchrungss\u00e4ulen, gelagert in Kugelf\u00fchrungsb\u00fcchsen. Einbauh\u00f6he 220 mm, passend &#8230;..","protected":false},"featured_media":16380,"comment_status":"closed","ping_status":"closed","template":"","meta":[],"product_brand":[],"product_cat":[1742,1822],"product_tag":[],"class_list":{"0":"post-18021","1":"product","2":"type-product","3":"status-publish","4":"has-post-thumbnail","6":"product_cat-bereich-20-asphalt-bitumen","7":"product_cat-marshall-bereich-20-asphalt-bitumen","9":"first","10":"instock","11":"product-type-simple"},"_links":{"self":[{"href":"https:\/\/interlab-bv.nl\/de\/wp-json\/wp\/v2\/product\/18021","targetHints":{"allow":["GET"]}}],"collection":[{"href":"https:\/\/interlab-bv.nl\/de\/wp-json\/wp\/v2\/product"}],"about":[{"href":"https:\/\/interlab-bv.nl\/de\/wp-json\/wp\/v2\/types\/product"}],"replies":[{"embeddable":true,"href":"https:\/\/interlab-bv.nl\/de\/wp-json\/wp\/v2\/comments?post=18021"}],"wp:featuredmedia":[{"embeddable":true,"href":"https:\/\/interlab-bv.nl\/de\/wp-json\/wp\/v2\/media\/16380"}],"wp:attachment":[{"href":"https:\/\/interlab-bv.nl\/de\/wp-json\/wp\/v2\/media?parent=18021"}],"wp:term":[{"taxonomy":"product_brand","embeddable":true,"href":"https:\/\/interlab-bv.nl\/de\/wp-json\/wp\/v2\/product_brand?post=18021"},{"taxonomy":"product_cat","embeddable":true,"href":"https:\/\/interlab-bv.nl\/de\/wp-json\/wp\/v2\/product_cat?post=18021"},{"taxonomy":"product_tag","embeddable":true,"href":"https:\/\/interlab-bv.nl\/de\/wp-json\/wp\/v2\/product_tag?post=18021"}],"curies":[{"name":"wp","href":"https:\/\/api.w.org\/{rel}","templated":true}]}}