{"id":18039,"date":"2021-10-03T14:59:48","date_gmt":"2021-10-03T13:59:48","guid":{"rendered":"https:\/\/interlab-bv.nl\/product\/bitumen-prufverfahren-duktilometer-technisches-datenblatt\/"},"modified":"2022-07-30T15:53:55","modified_gmt":"2022-07-30T14:53:55","slug":"bitumen-prufverfahren-duktilometer-technisches-datenblatt","status":"publish","type":"product","link":"https:\/\/interlab-bv.nl\/de\/produkt\/bitumen-prufverfahren-duktilometer-technisches-datenblatt\/","title":{"rendered":"Bitumen Pr\u00fcfverfahren DUKTILOMETER Technisches Datenblatt"},"content":{"rendered":"<p>Duktilometer 1500\u00a0mm digital zur Bestimmung der Kraftduktilit\u00e4t und dem elastischen R\u00fcckstellverm\u00f6gen von Bitumen. Geh\u00e4use aus Edelstahl mit isoliertem Wasserbad mit Klappdeckel und Glasausschnitt sowie schrittmotorangetriebener Zugeinrichtung mit konstanter Vorschubgeschwindigkeit einstellbar von 1 bis 50 mm\/min. sowie digitaler Wegmesseinrichtung. Eine bis vier Proben k\u00f6nnen gleichzeitig gepr\u00fcft werden. Elektronische Ausf\u00fchrung f\u00fcr PC-Betrieb mit Software unter Windows. Zur Ermittlung der Kraftduktilit\u00e4t ist eine Messstelle mit Kraftaufnehmer 500 N, Aufl\u00f6sung 0.1 N (Sonderausf\u00fchrung 100 N, Aufl\u00f6sung 0.01 N) ausger\u00fcstet. Drei weitere Kraftaufnehmer (20-2357) k\u00f6nnen angeschlossen werden. Die enthaltene Software erlaubt eine anwenderorientierte Ablaufprogrammierung und steuert den Versuchsablauf mit online Ausgabe von Kraft und Weg und Versuchsauswertung mit Berechnung der Planimetrie. Eine Datenbank im dBase- Format erm\u00f6glicht die Abspeicherung der Versuche. Mittels Zusatzoption 20-2359 kann die Badtemperatur laufend erfasst und ebenfalls abgespeichert werden. Zum Betrieb ist ein PC mit Bildschirm und Tastatur erforderlich. Die Badtemperierung kann wahlweise \u00fcber eine Temperiereinrichtung mit Einh\u00e4ngethermostat (20-2370), ggf. mit Zusatzk\u00fchler (20-2377) oder einem externen K\u00fchlthermostaten erfolgen. (Ohne Formen, ohne Badtemperiereinrichtung und ohne PC).<\/p>\n","protected":false},"excerpt":{"rendered":"zur Bestimmung der Kraftduktilit\u00e4t und dem elastischen R\u00fcckstellverm\u00f6gen von Bitumen. Geh\u00e4use aus Edelstahl mit isoliertem Wasserbad mit Klappdeckel und Glasausschnitt sowie schrittmotorangetriebener Zugeinrichtung mit konstanter &#8230;..","protected":false},"featured_media":16618,"comment_status":"closed","ping_status":"closed","template":"","meta":[],"product_brand":[],"product_cat":[1742,1918],"product_tag":[3155,3159],"class_list":{"0":"post-18039","1":"product","2":"type-product","3":"status-publish","4":"has-post-thumbnail","6":"product_cat-bereich-20-asphalt-bitumen","7":"product_cat-bitumen-bereich-20-asphalt-bitumen","8":"product_tag-digital-de","9":"product_tag-duktilometer","11":"first","12":"instock","13":"product-type-simple"},"_links":{"self":[{"href":"https:\/\/interlab-bv.nl\/de\/wp-json\/wp\/v2\/product\/18039","targetHints":{"allow":["GET"]}}],"collection":[{"href":"https:\/\/interlab-bv.nl\/de\/wp-json\/wp\/v2\/product"}],"about":[{"href":"https:\/\/interlab-bv.nl\/de\/wp-json\/wp\/v2\/types\/product"}],"replies":[{"embeddable":true,"href":"https:\/\/interlab-bv.nl\/de\/wp-json\/wp\/v2\/comments?post=18039"}],"wp:featuredmedia":[{"embeddable":true,"href":"https:\/\/interlab-bv.nl\/de\/wp-json\/wp\/v2\/media\/16618"}],"wp:attachment":[{"href":"https:\/\/interlab-bv.nl\/de\/wp-json\/wp\/v2\/media?parent=18039"}],"wp:term":[{"taxonomy":"product_brand","embeddable":true,"href":"https:\/\/interlab-bv.nl\/de\/wp-json\/wp\/v2\/product_brand?post=18039"},{"taxonomy":"product_cat","embeddable":true,"href":"https:\/\/interlab-bv.nl\/de\/wp-json\/wp\/v2\/product_cat?post=18039"},{"taxonomy":"product_tag","embeddable":true,"href":"https:\/\/interlab-bv.nl\/de\/wp-json\/wp\/v2\/product_tag?post=18039"}],"curies":[{"name":"wp","href":"https:\/\/api.w.org\/{rel}","templated":true}]}}