{"id":18063,"date":"2021-10-03T14:56:11","date_gmt":"2021-10-03T13:56:11","guid":{"rendered":"https:\/\/interlab-bv.nl\/product\/elektronische-kraftmesseinrichtung-100-kn\/"},"modified":"2021-12-23T12:55:29","modified_gmt":"2021-12-23T11:55:29","slug":"elektronische-kraftmesseinrichtung-100-kn","status":"publish","type":"product","link":"https:\/\/interlab-bv.nl\/de\/produkt\/elektronische-kraftmesseinrichtung-100-kn\/","title":{"rendered":"Elektronische Kraftmesseinrichtung 100\u00a0kN"},"content":{"rendered":"<p>Elektronische Kraftmesseinrichtung 100\u00a0kN zu 10-2350E mit digitaler Anzeige in MN\/m\u00b2, umschaltbar f\u00fcr Lastplatte \u00d8 300 und 600 mm. GKL 1 DIN 51220. Die Digitalanzeige ist in einem separaten Geh\u00e4use mit Tragegriff und Akku eingebaut. Einschlie\u00dflich Ladeger\u00e4t 12\/24\/230 V und Anschlusskabel.<\/p>\n","protected":false},"excerpt":{"rendered":"zu 10-2350E mit digitaler Anzeige in MN\/m\u00b2, umschaltbar f\u00fcr Lastplatte \u00d8 300 und 600 mm. GKL 1 DIN 51220. Die Digitalanzeige ist in einem separaten Geh\u00e4use mit Tragegriff und Akku eingebaut. Einschlie\u00dflich Ladeger\u00e4t 12\/24\/230 V und Anschlusskabel. &#8230;..","protected":false},"featured_media":15558,"comment_status":"closed","ping_status":"closed","template":"","meta":[],"product_brand":[],"product_cat":[1545,1679],"product_tag":[],"class_list":{"0":"post-18063","1":"product","2":"type-product","3":"status-publish","4":"has-post-thumbnail","6":"product_cat-bereich-10-boden","7":"product_cat-feldpruefgeraete","9":"first","10":"instock","11":"product-type-simple"},"_links":{"self":[{"href":"https:\/\/interlab-bv.nl\/de\/wp-json\/wp\/v2\/product\/18063","targetHints":{"allow":["GET"]}}],"collection":[{"href":"https:\/\/interlab-bv.nl\/de\/wp-json\/wp\/v2\/product"}],"about":[{"href":"https:\/\/interlab-bv.nl\/de\/wp-json\/wp\/v2\/types\/product"}],"replies":[{"embeddable":true,"href":"https:\/\/interlab-bv.nl\/de\/wp-json\/wp\/v2\/comments?post=18063"}],"wp:featuredmedia":[{"embeddable":true,"href":"https:\/\/interlab-bv.nl\/de\/wp-json\/wp\/v2\/media\/15558"}],"wp:attachment":[{"href":"https:\/\/interlab-bv.nl\/de\/wp-json\/wp\/v2\/media?parent=18063"}],"wp:term":[{"taxonomy":"product_brand","embeddable":true,"href":"https:\/\/interlab-bv.nl\/de\/wp-json\/wp\/v2\/product_brand?post=18063"},{"taxonomy":"product_cat","embeddable":true,"href":"https:\/\/interlab-bv.nl\/de\/wp-json\/wp\/v2\/product_cat?post=18063"},{"taxonomy":"product_tag","embeddable":true,"href":"https:\/\/interlab-bv.nl\/de\/wp-json\/wp\/v2\/product_tag?post=18063"}],"curies":[{"name":"wp","href":"https:\/\/api.w.org\/{rel}","templated":true}]}}