{"id":18086,"date":"2021-10-03T14:55:23","date_gmt":"2021-10-03T13:55:23","guid":{"rendered":"https:\/\/interlab-bv.nl\/product\/schallisolierung-fur-10-18550\/"},"modified":"2021-12-23T12:59:49","modified_gmt":"2021-12-23T11:59:49","slug":"schallisolierung-fur-10-18550","status":"publish","type":"product","link":"https:\/\/interlab-bv.nl\/de\/produkt\/schallisolierung-fur-10-18550\/","title":{"rendered":"Schallisolierung f\u00fcr 10-18550"},"content":{"rendered":"<p>Schallisolierung f\u00fcr 10-18550 durch D\u00e4mmmatten an den Innenseiten des Maschinengeh\u00e4uses.<\/p>\n","protected":false},"excerpt":{"rendered":"durch D\u00e4mmmatten an den Innenseiten des Maschinengeh\u00e4uses.","protected":false},"featured_media":0,"comment_status":"closed","ping_status":"closed","template":"","meta":[],"product_brand":[],"product_cat":[1545,1546],"product_tag":[3122],"class_list":{"0":"post-18086","1":"product","2":"type-product","3":"status-publish","5":"product_cat-bereich-10-boden","6":"product_cat-proctorgeraete","7":"product_tag-zubehoer","9":"first","10":"instock","11":"product-type-simple"},"_links":{"self":[{"href":"https:\/\/interlab-bv.nl\/de\/wp-json\/wp\/v2\/product\/18086","targetHints":{"allow":["GET"]}}],"collection":[{"href":"https:\/\/interlab-bv.nl\/de\/wp-json\/wp\/v2\/product"}],"about":[{"href":"https:\/\/interlab-bv.nl\/de\/wp-json\/wp\/v2\/types\/product"}],"replies":[{"embeddable":true,"href":"https:\/\/interlab-bv.nl\/de\/wp-json\/wp\/v2\/comments?post=18086"}],"wp:attachment":[{"href":"https:\/\/interlab-bv.nl\/de\/wp-json\/wp\/v2\/media?parent=18086"}],"wp:term":[{"taxonomy":"product_brand","embeddable":true,"href":"https:\/\/interlab-bv.nl\/de\/wp-json\/wp\/v2\/product_brand?post=18086"},{"taxonomy":"product_cat","embeddable":true,"href":"https:\/\/interlab-bv.nl\/de\/wp-json\/wp\/v2\/product_cat?post=18086"},{"taxonomy":"product_tag","embeddable":true,"href":"https:\/\/interlab-bv.nl\/de\/wp-json\/wp\/v2\/product_tag?post=18086"}],"curies":[{"name":"wp","href":"https:\/\/api.w.org\/{rel}","templated":true}]}}