{"id":18091,"date":"2021-10-03T14:55:19","date_gmt":"2021-10-03T13:55:19","guid":{"rendered":"https:\/\/interlab-bv.nl\/product\/ausdruckzubehor-fur-entnahmezylinder\/"},"modified":"2021-12-23T13:00:20","modified_gmt":"2021-12-23T12:00:20","slug":"ausdruckzubehor-fur-entnahmezylinder","status":"publish","type":"product","link":"https:\/\/interlab-bv.nl\/de\/produkt\/ausdruckzubehor-fur-entnahmezylinder\/","title":{"rendered":"Ausdr\u00fcckzubeh\u00f6r f\u00fcr Entnahmezylinder"},"content":{"rendered":"<p>Ausdr\u00fcckzubeh\u00f6r f\u00fcr Entnahmezylinder 10-1625 zu 10-1849<\/p>\n","protected":false},"excerpt":{"rendered":"10-1625 zu 10-1849","protected":false},"featured_media":15319,"comment_status":"closed","ping_status":"closed","template":"","meta":[],"product_brand":[],"product_cat":[1545,1546],"product_tag":[3122],"class_list":{"0":"post-18091","1":"product","2":"type-product","3":"status-publish","4":"has-post-thumbnail","6":"product_cat-bereich-10-boden","7":"product_cat-proctorgeraete","8":"product_tag-zubehoer","10":"first","11":"instock","12":"product-type-simple"},"_links":{"self":[{"href":"https:\/\/interlab-bv.nl\/de\/wp-json\/wp\/v2\/product\/18091","targetHints":{"allow":["GET"]}}],"collection":[{"href":"https:\/\/interlab-bv.nl\/de\/wp-json\/wp\/v2\/product"}],"about":[{"href":"https:\/\/interlab-bv.nl\/de\/wp-json\/wp\/v2\/types\/product"}],"replies":[{"embeddable":true,"href":"https:\/\/interlab-bv.nl\/de\/wp-json\/wp\/v2\/comments?post=18091"}],"wp:featuredmedia":[{"embeddable":true,"href":"https:\/\/interlab-bv.nl\/de\/wp-json\/wp\/v2\/media\/15319"}],"wp:attachment":[{"href":"https:\/\/interlab-bv.nl\/de\/wp-json\/wp\/v2\/media?parent=18091"}],"wp:term":[{"taxonomy":"product_brand","embeddable":true,"href":"https:\/\/interlab-bv.nl\/de\/wp-json\/wp\/v2\/product_brand?post=18091"},{"taxonomy":"product_cat","embeddable":true,"href":"https:\/\/interlab-bv.nl\/de\/wp-json\/wp\/v2\/product_cat?post=18091"},{"taxonomy":"product_tag","embeddable":true,"href":"https:\/\/interlab-bv.nl\/de\/wp-json\/wp\/v2\/product_tag?post=18091"}],"curies":[{"name":"wp","href":"https:\/\/api.w.org\/{rel}","templated":true}]}}