{"id":18286,"date":"2021-10-03T14:57:33","date_gmt":"2021-10-03T13:57:33","guid":{"rendered":"https:\/\/interlab-bv.nl\/product\/einfullwanne\/"},"modified":"2021-10-03T14:57:33","modified_gmt":"2021-10-03T13:57:33","slug":"einfullwanne","status":"publish","type":"product","link":"https:\/\/interlab-bv.nl\/de\/produkt\/einfullwanne\/","title":{"rendered":"Einf\u00fcllwanne"},"content":{"rendered":"<p>Einf\u00fcllwanne zum Einh\u00e4ngen an der Waschkammervorderseite und zur Bef\u00fcllung der Waschtrommeln 20-1110.. mit vorgel\u00f6stem Mischgut.<\/p>\n","protected":false},"excerpt":{"rendered":"zum Einh\u00e4ngen an der Waschkammervorderseite und zur Bef\u00fcllung der Waschtrommeln 20-1110.. mit vorgel\u00f6stem Mischgut.","protected":false},"featured_media":16030,"comment_status":"closed","ping_status":"closed","template":"","meta":[],"product_brand":[],"product_cat":[1742,1756],"product_tag":[3238],"class_list":{"0":"post-18286","1":"product","2":"type-product","3":"status-publish","4":"has-post-thumbnail","6":"product_cat-bereich-20-asphalt-bitumen","7":"product_cat-extraktion","8":"product_tag-wanne","10":"first","11":"instock","12":"product-type-simple"},"_links":{"self":[{"href":"https:\/\/interlab-bv.nl\/de\/wp-json\/wp\/v2\/product\/18286","targetHints":{"allow":["GET"]}}],"collection":[{"href":"https:\/\/interlab-bv.nl\/de\/wp-json\/wp\/v2\/product"}],"about":[{"href":"https:\/\/interlab-bv.nl\/de\/wp-json\/wp\/v2\/types\/product"}],"replies":[{"embeddable":true,"href":"https:\/\/interlab-bv.nl\/de\/wp-json\/wp\/v2\/comments?post=18286"}],"wp:featuredmedia":[{"embeddable":true,"href":"https:\/\/interlab-bv.nl\/de\/wp-json\/wp\/v2\/media\/16030"}],"wp:attachment":[{"href":"https:\/\/interlab-bv.nl\/de\/wp-json\/wp\/v2\/media?parent=18286"}],"wp:term":[{"taxonomy":"product_brand","embeddable":true,"href":"https:\/\/interlab-bv.nl\/de\/wp-json\/wp\/v2\/product_brand?post=18286"},{"taxonomy":"product_cat","embeddable":true,"href":"https:\/\/interlab-bv.nl\/de\/wp-json\/wp\/v2\/product_cat?post=18286"},{"taxonomy":"product_tag","embeddable":true,"href":"https:\/\/interlab-bv.nl\/de\/wp-json\/wp\/v2\/product_tag?post=18286"}],"curies":[{"name":"wp","href":"https:\/\/api.w.org\/{rel}","templated":true}]}}