{"id":18292,"date":"2021-10-03T14:58:55","date_gmt":"2021-10-03T13:58:55","guid":{"rendered":"https:\/\/interlab-bv.nl\/product\/prufgestell-haftzugfestigkeit\/"},"modified":"2022-07-30T15:54:48","modified_gmt":"2022-07-30T14:54:48","slug":"prufgestell-haftzugfestigkeit","status":"publish","type":"product","link":"https:\/\/interlab-bv.nl\/de\/produkt\/prufgestell-haftzugfestigkeit\/","title":{"rendered":"Pr\u00fcfgestell Haftzugfestigkeit"},"content":{"rendered":"<p>Pr\u00fcfgestell Haftzugfestigkeit zur Bestimmung der Haftzugfestigkeit zwischen den D\u00fcnnen Asphaltdeckschichten in Hei\u00df- oder Kaltbauweise. Gestell verwendbar in Pr\u00fcfmaschinen mit Lastanstiegsregelung bestehend aus Grundplatte mit gef\u00fchrtem Oberteil, Haltering f\u00fcr Bohrkerne sowie auswechselbare Pr\u00fcfstempel \u00d8 50 mm zum Ankleben der Probe. Fmax. 30 kN.<\/p>\n","protected":false},"excerpt":{"rendered":"zur Bestimmung der Haftzugfestigkeit zwischen den D\u00fcnnen Asphaltdeckschichten in Hei\u00df- oder Kaltbauweise. Gestell verwendbar in Pr\u00fcfmaschinen mit Lastanstiegsregelung bestehend aus Grundplatte mit gef\u00fchrtem Oberteil, Haltering f\u00fcr Bohrkerne sowie &#8230;..","protected":false},"featured_media":0,"comment_status":"closed","ping_status":"closed","template":"","meta":[],"product_brand":[],"product_cat":[1742,1822],"product_tag":[3232],"class_list":{"0":"post-18292","1":"product","2":"type-product","3":"status-publish","5":"product_cat-bereich-20-asphalt-bitumen","6":"product_cat-marshall-bereich-20-asphalt-bitumen","7":"product_tag-pruefgestell","9":"first","10":"instock","11":"product-type-simple"},"_links":{"self":[{"href":"https:\/\/interlab-bv.nl\/de\/wp-json\/wp\/v2\/product\/18292","targetHints":{"allow":["GET"]}}],"collection":[{"href":"https:\/\/interlab-bv.nl\/de\/wp-json\/wp\/v2\/product"}],"about":[{"href":"https:\/\/interlab-bv.nl\/de\/wp-json\/wp\/v2\/types\/product"}],"replies":[{"embeddable":true,"href":"https:\/\/interlab-bv.nl\/de\/wp-json\/wp\/v2\/comments?post=18292"}],"wp:attachment":[{"href":"https:\/\/interlab-bv.nl\/de\/wp-json\/wp\/v2\/media?parent=18292"}],"wp:term":[{"taxonomy":"product_brand","embeddable":true,"href":"https:\/\/interlab-bv.nl\/de\/wp-json\/wp\/v2\/product_brand?post=18292"},{"taxonomy":"product_cat","embeddable":true,"href":"https:\/\/interlab-bv.nl\/de\/wp-json\/wp\/v2\/product_cat?post=18292"},{"taxonomy":"product_tag","embeddable":true,"href":"https:\/\/interlab-bv.nl\/de\/wp-json\/wp\/v2\/product_tag?post=18292"}],"curies":[{"name":"wp","href":"https:\/\/api.w.org\/{rel}","templated":true}]}}