{"id":18295,"date":"2021-10-03T14:58:31","date_gmt":"2021-10-03T13:58:31","guid":{"rendered":"https:\/\/interlab-bv.nl\/product\/prufgestell-haftzugfestigkeit-dsk\/"},"modified":"2022-07-30T15:54:48","modified_gmt":"2022-07-30T14:54:48","slug":"prufgestell-haftzugfestigkeit-dsk","status":"publish","type":"product","link":"https:\/\/interlab-bv.nl\/de\/produkt\/prufgestell-haftzugfestigkeit-dsk\/","title":{"rendered":"Pr\u00fcfgestell Haftzugfestigkeit DSK"},"content":{"rendered":"<p>Pr\u00fcfgestell Haftzugfestigkeit DSK zur Bestimmung der Haftzugfestigkeit an D\u00fcnnen Schichten im Kalteinbau (DSK) in Anlehnung an Anhang 2 der ZTV-SIB90. Gestell verwendbar in Druckpr\u00fcfmaschinen mit Lastanstiegsregelung bestehend aus Grundplatte mit gef\u00fchrtem Oberteil, Haltering f\u00fcr Bohrkerne 150 mm sowie auswechselbare Pr\u00fcfstempel \u00d8 100 mm zum Ankleben der Probe. Fmax. 20 kN.<\/p>\n","protected":false},"excerpt":{"rendered":"zur Bestimmung der Haftzugfestigkeit an D\u00fcnnen Schichten im Kalteinbau (DSK) in Anlehnung an Anhang 2 der ZTV-SIB90. Gestell verwendbar in Druckpr\u00fcfmaschinen mit Lastanstiegsregelung bestehend aus Grundplatte mit gef\u00fchrtem Oberteil, Haltering f\u00fcr &#8230;..","protected":false},"featured_media":16413,"comment_status":"closed","ping_status":"closed","template":"","meta":[],"product_brand":[],"product_cat":[1742,1822],"product_tag":[3232],"class_list":{"0":"post-18295","1":"product","2":"type-product","3":"status-publish","4":"has-post-thumbnail","6":"product_cat-bereich-20-asphalt-bitumen","7":"product_cat-marshall-bereich-20-asphalt-bitumen","8":"product_tag-pruefgestell","10":"first","11":"instock","12":"product-type-simple"},"_links":{"self":[{"href":"https:\/\/interlab-bv.nl\/de\/wp-json\/wp\/v2\/product\/18295","targetHints":{"allow":["GET"]}}],"collection":[{"href":"https:\/\/interlab-bv.nl\/de\/wp-json\/wp\/v2\/product"}],"about":[{"href":"https:\/\/interlab-bv.nl\/de\/wp-json\/wp\/v2\/types\/product"}],"replies":[{"embeddable":true,"href":"https:\/\/interlab-bv.nl\/de\/wp-json\/wp\/v2\/comments?post=18295"}],"wp:featuredmedia":[{"embeddable":true,"href":"https:\/\/interlab-bv.nl\/de\/wp-json\/wp\/v2\/media\/16413"}],"wp:attachment":[{"href":"https:\/\/interlab-bv.nl\/de\/wp-json\/wp\/v2\/media?parent=18295"}],"wp:term":[{"taxonomy":"product_brand","embeddable":true,"href":"https:\/\/interlab-bv.nl\/de\/wp-json\/wp\/v2\/product_brand?post=18295"},{"taxonomy":"product_cat","embeddable":true,"href":"https:\/\/interlab-bv.nl\/de\/wp-json\/wp\/v2\/product_cat?post=18295"},{"taxonomy":"product_tag","embeddable":true,"href":"https:\/\/interlab-bv.nl\/de\/wp-json\/wp\/v2\/product_tag?post=18295"}],"curies":[{"name":"wp","href":"https:\/\/api.w.org\/{rel}","templated":true}]}}