{"id":18296,"date":"2021-10-03T14:58:31","date_gmt":"2021-10-03T13:58:31","guid":{"rendered":"https:\/\/interlab-bv.nl\/product\/prufgestell-scb-semi-circular-bending-test\/"},"modified":"2022-07-30T15:54:49","modified_gmt":"2022-07-30T14:54:49","slug":"prufgestell-scb-semi-circular-bending-test","status":"publish","type":"product","link":"https:\/\/interlab-bv.nl\/de\/produkt\/prufgestell-scb-semi-circular-bending-test\/","title":{"rendered":"Pr\u00fcfgestell SCB (semi-circular bending test)"},"content":{"rendered":"<p>Pr\u00fcfgestell SCB (semi-circular bending test) zur Bestimmung des Risswachstums durch eine Biegepr\u00fcfung unter Aufbringung einer Dreipunkt-Belastung an gekerbten, halbkreisf\u00f6rmigen Proben (Radius 75mm, Breite 50 mm). Ausf\u00fchrung mit einem Pr\u00fcfgestell aus Aluminium mit zwei kugelgelagerten Stahlwalzen (\u00d8 35 mm, Abstand 120mm). Im beweglich gef\u00fchrten Oberteil ist das Druckst\u00fcck (10 x 20 mm) gelagert. Zur Versuchsdurchf\u00fchrung wird eine Pr\u00fcfmaschine 35-5100, 35-5110 oder 35-5115 empfohlen. Erforderliche Einbauh\u00f6he 200mm, Fmax. 50kN<\/p>\n","protected":false},"excerpt":{"rendered":"zur Bestimmung des Risswachstums durch eine Biegepr\u00fcfung unter Aufbringung einer Dreipunkt-Belastung an gekerbten, halbkreisf\u00f6rmigen Proben (Radius 75mm, Breite 50 mm). Ausf\u00fchrung mit einem Pr\u00fcfgestell aus Aluminium mit zwei kugelgelagerten &#8230;..","protected":false},"featured_media":0,"comment_status":"closed","ping_status":"closed","template":"","meta":[],"product_brand":[],"product_cat":[1742,1822],"product_tag":[3232],"class_list":{"0":"post-18296","1":"product","2":"type-product","3":"status-publish","5":"product_cat-bereich-20-asphalt-bitumen","6":"product_cat-marshall-bereich-20-asphalt-bitumen","7":"product_tag-pruefgestell","9":"first","10":"instock","11":"product-type-simple"},"_links":{"self":[{"href":"https:\/\/interlab-bv.nl\/de\/wp-json\/wp\/v2\/product\/18296","targetHints":{"allow":["GET"]}}],"collection":[{"href":"https:\/\/interlab-bv.nl\/de\/wp-json\/wp\/v2\/product"}],"about":[{"href":"https:\/\/interlab-bv.nl\/de\/wp-json\/wp\/v2\/types\/product"}],"replies":[{"embeddable":true,"href":"https:\/\/interlab-bv.nl\/de\/wp-json\/wp\/v2\/comments?post=18296"}],"wp:attachment":[{"href":"https:\/\/interlab-bv.nl\/de\/wp-json\/wp\/v2\/media?parent=18296"}],"wp:term":[{"taxonomy":"product_brand","embeddable":true,"href":"https:\/\/interlab-bv.nl\/de\/wp-json\/wp\/v2\/product_brand?post=18296"},{"taxonomy":"product_cat","embeddable":true,"href":"https:\/\/interlab-bv.nl\/de\/wp-json\/wp\/v2\/product_cat?post=18296"},{"taxonomy":"product_tag","embeddable":true,"href":"https:\/\/interlab-bv.nl\/de\/wp-json\/wp\/v2\/product_tag?post=18296"}],"curies":[{"name":"wp","href":"https:\/\/api.w.org\/{rel}","templated":true}]}}