{"id":18297,"date":"2021-10-03T14:58:30","date_gmt":"2021-10-03T13:58:30","guid":{"rendered":"https:\/\/interlab-bv.nl\/product\/universal-spaltzugvorrichtung-mit-querdehnungsmesseinrichtung\/"},"modified":"2022-07-30T15:54:49","modified_gmt":"2022-07-30T14:54:49","slug":"universal-spaltzugvorrichtung-mit-querdehnungsmesseinrichtung","status":"publish","type":"product","link":"https:\/\/interlab-bv.nl\/de\/produkt\/universal-spaltzugvorrichtung-mit-querdehnungsmesseinrichtung\/","title":{"rendered":"Universal Spalt\u00adzug\u00advor\u00adrichtung mit Quer\u00addeh\u00adnungs\u00admess\u00adein\u00adrich\u00adtung"},"content":{"rendered":"<p>Universal Spalt\u00adzug\u00advor\u00adrichtung mit Quer\u00addeh\u00adnungs\u00admess\u00adein\u00adrich\u00adtung mit auswechselbaren Druckstreifen und Zentriervorrichtung f\u00fcr Probek\u00f6rper \u00d8 100 mm sowie mit Sonderzubeh\u00f6r \u00d8 150 und 160 mm. Bestehend aus Grundplatte mit 2 F\u00fchrungss\u00e4ulen und Federn zum Gewichtsausgleich sowie dem beweglichen Oberteil. Komplett mit Druckstreifen Breite 12.7, L\u00e4nge 100 mm und ausgestattet mit Einrichtung zur Messung der Horizontalverformung in der Probenmitte. Dazu sind rechts und links Messtaster angebaut, deren Bewegung \u00fcber Pr\u00e4zisionsf\u00fchrungen auf einen Wegaufnehmer \u00fcbertragen werden. Hierzu wird der Wegaufnehmer 30 x 0.01 mm der Pr\u00fcfmaschine 35-5100&#8230; verwendet. Auswertesoftware zu UNIPRESS siehe 90-0300. Druckstreifen und Zubeh\u00f6r f\u00fcr Proben \u00d8 150 und 160 mm siehe 20-1770\/72. Zum Versuch wird das Gestell in eine Pr\u00fcfmaschine mit entsprechendem Pr\u00fcfraum (35-5100) eingesetzt. Fmax. 50 kN. Einbauh\u00f6he 305 mm.<\/p>\n","protected":false},"excerpt":{"rendered":"mit auswechselbaren Druckstreifen und Zentriervorrichtung f\u00fcr Probek\u00f6rper \u00d8 100 mm sowie mit Sonderzubeh\u00f6r \u00d8 150 und 160 mm. Bestehend aus Grundplatte mit 2 F\u00fchrungss\u00e4ulen und Federn zum Gewichtsausgleich sowie dem beweglichen Oberteil. Komplett mit &#8230;..","protected":false},"featured_media":16377,"comment_status":"closed","ping_status":"closed","template":"","meta":[],"product_brand":[],"product_cat":[1742,1822],"product_tag":[],"class_list":{"0":"post-18297","1":"product","2":"type-product","3":"status-publish","4":"has-post-thumbnail","6":"product_cat-bereich-20-asphalt-bitumen","7":"product_cat-marshall-bereich-20-asphalt-bitumen","9":"first","10":"instock","11":"product-type-simple"},"_links":{"self":[{"href":"https:\/\/interlab-bv.nl\/de\/wp-json\/wp\/v2\/product\/18297","targetHints":{"allow":["GET"]}}],"collection":[{"href":"https:\/\/interlab-bv.nl\/de\/wp-json\/wp\/v2\/product"}],"about":[{"href":"https:\/\/interlab-bv.nl\/de\/wp-json\/wp\/v2\/types\/product"}],"replies":[{"embeddable":true,"href":"https:\/\/interlab-bv.nl\/de\/wp-json\/wp\/v2\/comments?post=18297"}],"wp:featuredmedia":[{"embeddable":true,"href":"https:\/\/interlab-bv.nl\/de\/wp-json\/wp\/v2\/media\/16377"}],"wp:attachment":[{"href":"https:\/\/interlab-bv.nl\/de\/wp-json\/wp\/v2\/media?parent=18297"}],"wp:term":[{"taxonomy":"product_brand","embeddable":true,"href":"https:\/\/interlab-bv.nl\/de\/wp-json\/wp\/v2\/product_brand?post=18297"},{"taxonomy":"product_cat","embeddable":true,"href":"https:\/\/interlab-bv.nl\/de\/wp-json\/wp\/v2\/product_cat?post=18297"},{"taxonomy":"product_tag","embeddable":true,"href":"https:\/\/interlab-bv.nl\/de\/wp-json\/wp\/v2\/product_tag?post=18297"}],"curies":[{"name":"wp","href":"https:\/\/api.w.org\/{rel}","templated":true}]}}