{"id":18299,"date":"2021-10-03T14:58:30","date_gmt":"2021-10-03T13:58:30","guid":{"rendered":"https:\/\/interlab-bv.nl\/product\/universal-spaltzugvorrichtung\/"},"modified":"2022-07-30T15:54:50","modified_gmt":"2022-07-30T14:54:50","slug":"universal-spaltzugvorrichtung","status":"publish","type":"product","link":"https:\/\/interlab-bv.nl\/de\/produkt\/universal-spaltzugvorrichtung\/","title":{"rendered":"Universal Spalt\u00adzug\u00advor\u00adrichtung"},"content":{"rendered":"<p>Universal Spalt\u00adzug\u00advor\u00adrichtung mit auswechselbaren Druckstreifen und Zentriervorrichtung f\u00fcr Probek\u00f6rper \u00d8 100 mm sowie mit Sonderzubeh\u00f6r \u00d8 150 und 160 mm. Bestehend aus Grundplatte mit 2 F\u00fchrungss\u00e4ulen und Federn zum Gewichtsausgleich sowie dem beweglichen Oberteil. Komplett mit Druckstreifen Breite 12.7, L\u00e4nge 100 mm. Druckstreifen und Zubeh\u00f6r f\u00fcr Proben \u00d8 150 und 160 mm siehe 20-1770\/72. Zum Versuch wird das Gestell in eine Pr\u00fcfmaschine mit entsprechendem Pr\u00fcfraum (20-1672 bzw. 35-5100) eingesetzt. Fmax. 50 kN. Einbauh\u00f6he 305 mm. Auswertesoftware zu UNIPRESS siehe 90-0305.<\/p>\n","protected":false},"excerpt":{"rendered":"mit auswechselbaren Druckstreifen und Zentriervorrichtung f\u00fcr Probek\u00f6rper \u00d8 100 mm sowie mit Sonderzubeh\u00f6r \u00d8 150 und 160 mm. Bestehend aus Grundplatte mit 2 F\u00fchrungss\u00e4ulen und Federn zum Gewichtsausgleich sowie dem beweglichen Oberteil. Komplett mit &#8230;..","protected":false},"featured_media":16374,"comment_status":"closed","ping_status":"closed","template":"","meta":[],"product_brand":[],"product_cat":[1742,1822],"product_tag":[],"class_list":{"0":"post-18299","1":"product","2":"type-product","3":"status-publish","4":"has-post-thumbnail","6":"product_cat-bereich-20-asphalt-bitumen","7":"product_cat-marshall-bereich-20-asphalt-bitumen","9":"first","10":"instock","11":"product-type-simple"},"_links":{"self":[{"href":"https:\/\/interlab-bv.nl\/de\/wp-json\/wp\/v2\/product\/18299","targetHints":{"allow":["GET"]}}],"collection":[{"href":"https:\/\/interlab-bv.nl\/de\/wp-json\/wp\/v2\/product"}],"about":[{"href":"https:\/\/interlab-bv.nl\/de\/wp-json\/wp\/v2\/types\/product"}],"replies":[{"embeddable":true,"href":"https:\/\/interlab-bv.nl\/de\/wp-json\/wp\/v2\/comments?post=18299"}],"wp:featuredmedia":[{"embeddable":true,"href":"https:\/\/interlab-bv.nl\/de\/wp-json\/wp\/v2\/media\/16374"}],"wp:attachment":[{"href":"https:\/\/interlab-bv.nl\/de\/wp-json\/wp\/v2\/media?parent=18299"}],"wp:term":[{"taxonomy":"product_brand","embeddable":true,"href":"https:\/\/interlab-bv.nl\/de\/wp-json\/wp\/v2\/product_brand?post=18299"},{"taxonomy":"product_cat","embeddable":true,"href":"https:\/\/interlab-bv.nl\/de\/wp-json\/wp\/v2\/product_cat?post=18299"},{"taxonomy":"product_tag","embeddable":true,"href":"https:\/\/interlab-bv.nl\/de\/wp-json\/wp\/v2\/product_tag?post=18299"}],"curies":[{"name":"wp","href":"https:\/\/api.w.org\/{rel}","templated":true}]}}