{"id":18305,"date":"2021-10-03T14:58:29","date_gmt":"2021-10-03T13:58:29","guid":{"rendered":"https:\/\/interlab-bv.nl\/product\/marshall-druckprufmaschine-30-kn-pc-60-hz\/"},"modified":"2022-07-30T15:54:51","modified_gmt":"2022-07-30T14:54:51","slug":"marshall-druckprufmaschine-30-kn-pc-60-hz","status":"publish","type":"product","link":"https:\/\/interlab-bv.nl\/de\/produkt\/marshall-druckprufmaschine-30-kn-pc-60-hz\/","title":{"rendered":"Marshall-Druckpr\u00fcfmaschine 30\u00a0kN -PC 60\u00a0Hz"},"content":{"rendered":"<p>Marshall-Druckpr\u00fcfmaschine 30\u00a0kN -PC 60\u00a0Hz als Zweis\u00e4ulen-Standmodell mit Elektromotor und Zentralspindelantrieb mit 50,8 mm\/min. Vorschubgeschwindigkeit. Ausf\u00fchrung mit elektronischem Kraft- und Wegaufnehmer 30 x 0.01 mm sowie Mikroprozessorelektronik mit Schnittstelle RS 232 C\/V24 zur Versuchsdaten\u00fcbertragung auf PC. Einschlie\u00dflich Steuerungs- und Daten\u00fcbertragungssoftware UNIPRESS unter Windows mit integrierter Versuchsdatenbank, online Grafik am Bildschirm sowie zus\u00e4tzlicher Auswertesoftware Marshall (wahlweise nach EN 12697\/34, SN671969b, ASTM&#8230;). Die Software erm\u00f6glicht die Eingabe von Marshallprobenh\u00f6hen und die Ausgabe von Stabilit\u00e4t und Flie\u00dfwert mit Mittelwertbildung von 1 bis 4 Proben. Zur Protokollausgabe kann jeder von Windows unterst\u00fctzte Drucker eingesetzt werden. Einschlie\u00dflich \u00dcberlast- und Wegendschalter sowie Marshallscherform, Einstellkaliber sowie Halter f\u00fcr Wegaufnehmer.<\/p>\n","protected":false},"excerpt":{"rendered":"als Zweis\u00e4ulen-Standmodell mit Elektromotor und Zentralspindelantrieb mit 50,8 mm\/min. Vorschubgeschwindigkeit. Ausf\u00fchrung mit elektronischem Kraft- und Wegaufnehmer 30 x 0.01 mm sowie Mikroprozessorelektronik mit Schnittstelle RS 232 C\/V24 zur &#8230;..","protected":false},"featured_media":16347,"comment_status":"closed","ping_status":"closed","template":"","meta":[],"product_brand":[],"product_cat":[1742,1822],"product_tag":[3186],"class_list":{"0":"post-18305","1":"product","2":"type-product","3":"status-publish","4":"has-post-thumbnail","6":"product_cat-bereich-20-asphalt-bitumen","7":"product_cat-marshall-bereich-20-asphalt-bitumen","8":"product_tag-marshall-druckpruefmaschine","10":"first","11":"instock","12":"product-type-simple"},"_links":{"self":[{"href":"https:\/\/interlab-bv.nl\/de\/wp-json\/wp\/v2\/product\/18305","targetHints":{"allow":["GET"]}}],"collection":[{"href":"https:\/\/interlab-bv.nl\/de\/wp-json\/wp\/v2\/product"}],"about":[{"href":"https:\/\/interlab-bv.nl\/de\/wp-json\/wp\/v2\/types\/product"}],"replies":[{"embeddable":true,"href":"https:\/\/interlab-bv.nl\/de\/wp-json\/wp\/v2\/comments?post=18305"}],"wp:featuredmedia":[{"embeddable":true,"href":"https:\/\/interlab-bv.nl\/de\/wp-json\/wp\/v2\/media\/16347"}],"wp:attachment":[{"href":"https:\/\/interlab-bv.nl\/de\/wp-json\/wp\/v2\/media?parent=18305"}],"wp:term":[{"taxonomy":"product_brand","embeddable":true,"href":"https:\/\/interlab-bv.nl\/de\/wp-json\/wp\/v2\/product_brand?post=18305"},{"taxonomy":"product_cat","embeddable":true,"href":"https:\/\/interlab-bv.nl\/de\/wp-json\/wp\/v2\/product_cat?post=18305"},{"taxonomy":"product_tag","embeddable":true,"href":"https:\/\/interlab-bv.nl\/de\/wp-json\/wp\/v2\/product_tag?post=18305"}],"curies":[{"name":"wp","href":"https:\/\/api.w.org\/{rel}","templated":true}]}}