{"id":18307,"date":"2021-10-03T14:58:28","date_gmt":"2021-10-03T13:58:28","guid":{"rendered":"https:\/\/interlab-bv.nl\/product\/messeinrichtung-verdichtbarkeit\/"},"modified":"2022-07-30T15:54:52","modified_gmt":"2022-07-30T14:54:52","slug":"messeinrichtung-verdichtbarkeit","status":"publish","type":"product","link":"https:\/\/interlab-bv.nl\/de\/produkt\/messeinrichtung-verdichtbarkeit\/","title":{"rendered":"Messeinrichtung\u00a0Verdichtbarkeit"},"content":{"rendered":"<p>Messeinrichtung\u00a0Verdichtbarkeit als Zusatzausr\u00fcstung mit entsprechenden Adaptionsteilen zu 20-1470\/20-1475\/20-1500 or 20-1505 zur Bestimmung der Verdichtbarkeit von Walzasphalt \u00fcber die Dicken\u00e4nderung. Zum Betrieb ist ein Windows-Rechner erforderlich. Komplett bestehend aus:<\/p>\n<ul>\n<li>Wegaufnehmer 50 mm, Gen. +\/- 0.15 %<\/li>\n<li>Mikrophon zur Schlagerkennung<\/li>\n<li>Elektroniktischgeh\u00e4use mit Auswerteelektronik und Schnittstelle V 24\/RS 232 C<\/li>\n<li>Software unter Windows zur Versuchsdurchf\u00fchrung gem\u00e4\u00df Arbeitsanleitung komplett mit Versuchsdatenbank.<\/li>\n<\/ul>\n","protected":false},"excerpt":{"rendered":"als Zusatzausr\u00fcstung mit entsprechenden Adaptionsteilen zu 20-1470\/20-1475\/20-1500 or 20-1505 zur Bestimmung der Verdichtbarkeit von Walzasphalt \u00fcber die Dicken\u00e4nderung. Zum Betrieb ist ein Windows-Rechner erforderlich. Komplett bestehend aus: &#8230;..","protected":false},"featured_media":16205,"comment_status":"closed","ping_status":"closed","template":"","meta":[],"product_brand":[],"product_cat":[1742,1822],"product_tag":[],"class_list":{"0":"post-18307","1":"product","2":"type-product","3":"status-publish","4":"has-post-thumbnail","6":"product_cat-bereich-20-asphalt-bitumen","7":"product_cat-marshall-bereich-20-asphalt-bitumen","9":"first","10":"instock","11":"product-type-simple"},"_links":{"self":[{"href":"https:\/\/interlab-bv.nl\/de\/wp-json\/wp\/v2\/product\/18307","targetHints":{"allow":["GET"]}}],"collection":[{"href":"https:\/\/interlab-bv.nl\/de\/wp-json\/wp\/v2\/product"}],"about":[{"href":"https:\/\/interlab-bv.nl\/de\/wp-json\/wp\/v2\/types\/product"}],"replies":[{"embeddable":true,"href":"https:\/\/interlab-bv.nl\/de\/wp-json\/wp\/v2\/comments?post=18307"}],"wp:featuredmedia":[{"embeddable":true,"href":"https:\/\/interlab-bv.nl\/de\/wp-json\/wp\/v2\/media\/16205"}],"wp:attachment":[{"href":"https:\/\/interlab-bv.nl\/de\/wp-json\/wp\/v2\/media?parent=18307"}],"wp:term":[{"taxonomy":"product_brand","embeddable":true,"href":"https:\/\/interlab-bv.nl\/de\/wp-json\/wp\/v2\/product_brand?post=18307"},{"taxonomy":"product_cat","embeddable":true,"href":"https:\/\/interlab-bv.nl\/de\/wp-json\/wp\/v2\/product_cat?post=18307"},{"taxonomy":"product_tag","embeddable":true,"href":"https:\/\/interlab-bv.nl\/de\/wp-json\/wp\/v2\/product_tag?post=18307"}],"curies":[{"name":"wp","href":"https:\/\/api.w.org\/{rel}","templated":true}]}}