{"id":18328,"date":"2021-10-03T14:55:21","date_gmt":"2021-10-03T13:55:21","guid":{"rendered":"https:\/\/interlab-bv.nl\/product\/schlagverdichter-marshall\/"},"modified":"2022-07-30T15:54:56","modified_gmt":"2022-07-30T14:54:56","slug":"schlagverdichter-marshall","status":"publish","type":"product","link":"https:\/\/interlab-bv.nl\/de\/produkt\/schlagverdichter-marshall\/","title":{"rendered":"Schlagverdichter Marshall"},"content":{"rendered":"<p>Schlagverdichter Marshall gestell mit Stahlamboss, Schutzt\u00fcr und stabiler Spannvorrichtung f\u00fcr den Formensatz. Das Fallgewicht wird \u00fcber eine Kette und einen Elektro-Getriebemotor angehoben. Die gew\u00fcnschte Schlagzahl wird an einem Vorwahlz\u00e4hler eingestellt. Dieser stoppt den Motor nach Erreichen der Schlagzahl automatisch. Beim \u00d6ffnen der Spannvorrichtung wird der Fallhammer automatisch angehoben um damit ein einfaches Drehen bzw. Entnehmen des Formensatzes zu erm\u00f6glichen. Ohne Formen &#8211; siehe 20-1550..<\/p>\n","protected":false},"excerpt":{"rendered":"gestell mit Stahlamboss, Schutzt\u00fcr und stabiler Spannvorrichtung f\u00fcr den Formensatz. Das Fallgewicht wird \u00fcber eine Kette und einen Elektro-Getriebemotor angehoben. Die gew\u00fcnschte Schlagzahl wird an einem Vorwahlz\u00e4hler eingestellt. Dieser stoppt den &#8230;..","protected":false},"featured_media":16193,"comment_status":"closed","ping_status":"closed","template":"","meta":[],"product_brand":[],"product_cat":[1742,1822],"product_tag":[3185],"class_list":{"0":"post-18328","1":"product","2":"type-product","3":"status-publish","4":"has-post-thumbnail","6":"product_cat-bereich-20-asphalt-bitumen","7":"product_cat-marshall-bereich-20-asphalt-bitumen","8":"product_tag-schlagverdichter-marshall","10":"first","11":"instock","12":"product-type-simple"},"_links":{"self":[{"href":"https:\/\/interlab-bv.nl\/de\/wp-json\/wp\/v2\/product\/18328","targetHints":{"allow":["GET"]}}],"collection":[{"href":"https:\/\/interlab-bv.nl\/de\/wp-json\/wp\/v2\/product"}],"about":[{"href":"https:\/\/interlab-bv.nl\/de\/wp-json\/wp\/v2\/types\/product"}],"replies":[{"embeddable":true,"href":"https:\/\/interlab-bv.nl\/de\/wp-json\/wp\/v2\/comments?post=18328"}],"wp:featuredmedia":[{"embeddable":true,"href":"https:\/\/interlab-bv.nl\/de\/wp-json\/wp\/v2\/media\/16193"}],"wp:attachment":[{"href":"https:\/\/interlab-bv.nl\/de\/wp-json\/wp\/v2\/media?parent=18328"}],"wp:term":[{"taxonomy":"product_brand","embeddable":true,"href":"https:\/\/interlab-bv.nl\/de\/wp-json\/wp\/v2\/product_brand?post=18328"},{"taxonomy":"product_cat","embeddable":true,"href":"https:\/\/interlab-bv.nl\/de\/wp-json\/wp\/v2\/product_cat?post=18328"},{"taxonomy":"product_tag","embeddable":true,"href":"https:\/\/interlab-bv.nl\/de\/wp-json\/wp\/v2\/product_tag?post=18328"}],"curies":[{"name":"wp","href":"https:\/\/api.w.org\/{rel}","templated":true}]}}