{"id":18330,"date":"2021-10-03T14:55:21","date_gmt":"2021-10-03T13:55:21","guid":{"rendered":"https:\/\/interlab-bv.nl\/product\/automatischer-marshallverdichter-60-hz\/"},"modified":"2022-07-30T15:54:57","modified_gmt":"2022-07-30T14:54:57","slug":"automatischer-marshallverdichter-60-hz","status":"publish","type":"product","link":"https:\/\/interlab-bv.nl\/de\/produkt\/automatischer-marshallverdichter-60-hz\/","title":{"rendered":"Automatischer Marshallverdichter 60\u00a0Hz"},"content":{"rendered":"<p>Automatischer Marshallverdichter 60\u00a0Hz bestehend aus Gestell mit Holzklotz, stabiler Haltevorrichtung f\u00fcr den Formensatz sowie Hochziehvorrichtung f\u00fcr den Fallhammer. Das Fallgewicht wird \u00fcber eine Kette und einen Elektro-Getriebemotor angehoben. Die Schlagzahl wird an einem Vorwahlz\u00e4hler eingestellt. Nach Erreichen der vorgew\u00e4hlten Schlagzahl stoppt der Motor automatisch. Ohne Betonsockel und ohne Formen &#8211; siehe 20-1480&#8230;<\/p>\n","protected":false},"excerpt":{"rendered":"bestehend aus Gestell mit Holzklotz, stabiler Haltevorrichtung f\u00fcr den Formensatz sowie Hochziehvorrichtung f\u00fcr den Fallhammer. Das Fallgewicht wird \u00fcber eine Kette und einen Elektro-Getriebemotor angehoben. Die Schlagzahl wird an einem Vorwahlz\u00e4hler &#8230;..","protected":false},"featured_media":16166,"comment_status":"closed","ping_status":"closed","template":"","meta":[],"product_brand":[],"product_cat":[1742,1822],"product_tag":[3138],"class_list":{"0":"post-18330","1":"product","2":"type-product","3":"status-publish","4":"has-post-thumbnail","6":"product_cat-bereich-20-asphalt-bitumen","7":"product_cat-marshall-bereich-20-asphalt-bitumen","8":"product_tag-marshallverdichter","10":"first","11":"instock","12":"product-type-simple"},"_links":{"self":[{"href":"https:\/\/interlab-bv.nl\/de\/wp-json\/wp\/v2\/product\/18330","targetHints":{"allow":["GET"]}}],"collection":[{"href":"https:\/\/interlab-bv.nl\/de\/wp-json\/wp\/v2\/product"}],"about":[{"href":"https:\/\/interlab-bv.nl\/de\/wp-json\/wp\/v2\/types\/product"}],"replies":[{"embeddable":true,"href":"https:\/\/interlab-bv.nl\/de\/wp-json\/wp\/v2\/comments?post=18330"}],"wp:featuredmedia":[{"embeddable":true,"href":"https:\/\/interlab-bv.nl\/de\/wp-json\/wp\/v2\/media\/16166"}],"wp:attachment":[{"href":"https:\/\/interlab-bv.nl\/de\/wp-json\/wp\/v2\/media?parent=18330"}],"wp:term":[{"taxonomy":"product_brand","embeddable":true,"href":"https:\/\/interlab-bv.nl\/de\/wp-json\/wp\/v2\/product_brand?post=18330"},{"taxonomy":"product_cat","embeddable":true,"href":"https:\/\/interlab-bv.nl\/de\/wp-json\/wp\/v2\/product_cat?post=18330"},{"taxonomy":"product_tag","embeddable":true,"href":"https:\/\/interlab-bv.nl\/de\/wp-json\/wp\/v2\/product_tag?post=18330"}],"curies":[{"name":"wp","href":"https:\/\/api.w.org\/{rel}","templated":true}]}}