{"id":18338,"date":"2021-10-03T15:03:17","date_gmt":"2021-10-03T14:03:17","guid":{"rendered":"https:\/\/interlab-bv.nl\/product\/penetrometer-digital-it-2018\/"},"modified":"2022-07-30T15:53:51","modified_gmt":"2022-07-30T14:53:51","slug":"penetrometer-digital-it-2018","status":"publish","type":"product","link":"https:\/\/interlab-bv.nl\/de\/produkt\/penetrometer-digital-it-2018\/","title":{"rendered":"Penetrometer digital iT 2018"},"content":{"rendered":"<p>Penetrometer digital zur Bestimmung der Nadelpenetration nach Norm. Hierbei wird der Weg gemessen, den eine Standardnadel unter genormten Bedingungen (Belastung, Zeit, Temperatur) in die Probe eindringt. Die Eindringtiefe der Penetrationsnadel wird mit einem elektronischen Wegmesssystem ermittelt, welches w\u00e4hrend des Versuches vom Fallstab abgekoppelt ist. Hiermit und mit der freien F\u00fchrung des Fallstab wird eine Beeinflussung der Auflast und Reibung praktisch ausgeschlossen.<\/p>\n<p>Vor jedem Versuchsbeginn wird automatisch das Wegmesssystem abgeglichen, anschlie\u00dfend wird die Penetrationsnadel mit einem elektrischen Antrieb, der mittels fein verstellbarem Joystick verfahren wird, an die Probe herangefahren (zur Hilfe stehen hierbei eine Lupe und eine ultrahelle LED-Lampe). Anschlie\u00dfend wird der Fallstab \u00fcber eine automatische Einrichtung freigegeben und nach Ablauf der Pr\u00fcfzeit wieder blockiert. Das Versuchsergebnis wird auf dem digitalen Display angezeigt.<\/p>\n<p>Zur Kalibrierung der Masse des Fallstabs kann dieser leicht ausgebaut werden.<\/p>\n<p>Technische Daten:<\/p>\n<ul>\n<li>Messbereich: 0-300 Penetrationseinheiten (entspricht 0-30mm)<\/li>\n<li>Aufl\u00f6sung: 0,01mm<\/li>\n<li>Pr\u00fcflast: 100g (Fallstab 97,5g + 2,5g Penetrationsnadel)<\/li>\n<li>Pr\u00fcfzeit: 5 sec (einstellbar von 0,1 bis 3000 Sekunden)<\/li>\n<\/ul>\n<p>F\u00fcr die Durchf\u00fchrung der Pr\u00fcfung ist Zubeh\u00f6r (Penetrationsnadel 20-20711, Temperierbad \u0085) zus\u00e4tzlich erforderlich.<\/p>\n","protected":false},"excerpt":{"rendered":"zur Bestimmung der Nadelpenetration nach Norm. Hierbei wird der Weg gemessen, den eine Standardnadel unter genormten Bedingungen (Belastung, Zeit, Temperatur) in die Probe eindringt. Die Eindringtiefe der &#8230;..","protected":false},"featured_media":17540,"comment_status":"closed","ping_status":"closed","template":"","meta":[],"product_brand":[],"product_cat":[1742,1918],"product_tag":[3179,3190,3195,3156],"class_list":{"0":"post-18338","1":"product","2":"type-product","3":"status-publish","4":"has-post-thumbnail","6":"product_cat-bereich-20-asphalt-bitumen","7":"product_cat-bitumen-bereich-20-asphalt-bitumen","8":"product_tag-joystick-de","9":"product_tag-nadelpenetration","10":"product_tag-penetrometer-digital-de","11":"product_tag-wegmesssystem","13":"first","14":"instock","15":"product-type-simple"},"_links":{"self":[{"href":"https:\/\/interlab-bv.nl\/de\/wp-json\/wp\/v2\/product\/18338","targetHints":{"allow":["GET"]}}],"collection":[{"href":"https:\/\/interlab-bv.nl\/de\/wp-json\/wp\/v2\/product"}],"about":[{"href":"https:\/\/interlab-bv.nl\/de\/wp-json\/wp\/v2\/types\/product"}],"replies":[{"embeddable":true,"href":"https:\/\/interlab-bv.nl\/de\/wp-json\/wp\/v2\/comments?post=18338"}],"wp:featuredmedia":[{"embeddable":true,"href":"https:\/\/interlab-bv.nl\/de\/wp-json\/wp\/v2\/media\/17540"}],"wp:attachment":[{"href":"https:\/\/interlab-bv.nl\/de\/wp-json\/wp\/v2\/media?parent=18338"}],"wp:term":[{"taxonomy":"product_brand","embeddable":true,"href":"https:\/\/interlab-bv.nl\/de\/wp-json\/wp\/v2\/product_brand?post=18338"},{"taxonomy":"product_cat","embeddable":true,"href":"https:\/\/interlab-bv.nl\/de\/wp-json\/wp\/v2\/product_cat?post=18338"},{"taxonomy":"product_tag","embeddable":true,"href":"https:\/\/interlab-bv.nl\/de\/wp-json\/wp\/v2\/product_tag?post=18338"}],"curies":[{"name":"wp","href":"https:\/\/api.w.org\/{rel}","templated":true}]}}