{"id":19893,"date":"2022-05-11T18:27:33","date_gmt":"2022-05-13T14:20:57","guid":{"rendered":"https:\/\/interlab-bv.nl\/?post_type=product&#038;p=19893"},"modified":"2022-05-13T15:20:58","modified_gmt":"2022-05-13T14:20:58","slug":"probensaegemaschine-650-mm-auto","status":"publish","type":"product","link":"https:\/\/interlab-bv.nl\/de\/produkt\/probensaegemaschine-650-mm-auto\/","title":{"rendered":"Probens\u00e4gemaschine 650\u00a0mm Auto"},"content":{"rendered":"<p>Probens\u00e4gemaschine 650\u00a0mm Auto f\u00fcr Diamants\u00e4gebl\u00e4tter bis \u00d8 650 mm (60-12370..). Stabiler Grundrahmen mit Untergestell und gesch\u00fctztem Arbeitsbereich mit Klappdeckel und Sichtfenster sowie Verriegelungsschalter als Sicherung gegen \u00d6ffnen. Der S\u00e4getisch ist mit einem automatischen Vorschub mit variabler Geschwindigkeit ausgestattet. Beim S\u00e4gevorgang erfolgt die gesamte Maschinenbedienung von au\u00dfen. Der h\u00f6henverstellbare Schneidkopf erm\u00f6glicht den Anbau von einem oder zwei S\u00e4gebl\u00e4ttern nebeneinander im Abstand von 25 bis 60 mm. Der S\u00e4getisch ist auf Rollen gef\u00fchrt und gegen Kippen gesichert. Darauf k\u00f6nnen verschiedene Halte- und Spannvorrichtungen z. B. zur Herstellung prismatischer Proben befestigt werden. Komplett mit Sp\u00fcl- und K\u00fchlwassereinrichtung zum Anschluss an Leitungswasser. Ohne S\u00e4gebl\u00e4tter und ohne Spannvorrichtungen.<\/p>\n","protected":false},"excerpt":{"rendered":"f\u00fcr Diamants\u00e4gebl\u00e4tter bis \u00d8 650 mm (60-12370..). Stabiler Grundrahmen mit Untergestell und gesch\u00fctztem Arbeitsbereich mit Klappdeckel und Sichtfenster sowie Verriegelungsschalter als Sicherung gegen \u00d6ffnen. Der S\u00e4getisch ist mit einem automatischen &#8230;..","protected":false},"featured_media":19661,"comment_status":"closed","ping_status":"closed","template":"","meta":[],"product_brand":[],"product_cat":[3650,3654],"product_tag":[],"class_list":{"0":"post-19893","1":"product","2":"type-product","3":"status-publish","4":"has-post-thumbnail","6":"product_cat-bereich-60-planschleifmaschinen-und-saegen","7":"product_cat-sagen","9":"first","10":"instock","11":"product-type-simple"},"_links":{"self":[{"href":"https:\/\/interlab-bv.nl\/de\/wp-json\/wp\/v2\/product\/19893","targetHints":{"allow":["GET"]}}],"collection":[{"href":"https:\/\/interlab-bv.nl\/de\/wp-json\/wp\/v2\/product"}],"about":[{"href":"https:\/\/interlab-bv.nl\/de\/wp-json\/wp\/v2\/types\/product"}],"replies":[{"embeddable":true,"href":"https:\/\/interlab-bv.nl\/de\/wp-json\/wp\/v2\/comments?post=19893"}],"wp:featuredmedia":[{"embeddable":true,"href":"https:\/\/interlab-bv.nl\/de\/wp-json\/wp\/v2\/media\/19661"}],"wp:attachment":[{"href":"https:\/\/interlab-bv.nl\/de\/wp-json\/wp\/v2\/media?parent=19893"}],"wp:term":[{"taxonomy":"product_brand","embeddable":true,"href":"https:\/\/interlab-bv.nl\/de\/wp-json\/wp\/v2\/product_brand?post=19893"},{"taxonomy":"product_cat","embeddable":true,"href":"https:\/\/interlab-bv.nl\/de\/wp-json\/wp\/v2\/product_cat?post=19893"},{"taxonomy":"product_tag","embeddable":true,"href":"https:\/\/interlab-bv.nl\/de\/wp-json\/wp\/v2\/product_tag?post=19893"}],"curies":[{"name":"wp","href":"https:\/\/api.w.org\/{rel}","templated":true}]}}