{"id":19904,"date":"2022-05-11T18:27:35","date_gmt":"2022-05-13T14:46:13","guid":{"rendered":"https:\/\/interlab-bv.nl\/?post_type=product&#038;p=19904"},"modified":"2022-07-30T15:52:11","modified_gmt":"2022-07-30T14:52:11","slug":"schleif-spannvorrichtung-wuerfel-universell-100-200-mm","status":"publish","type":"product","link":"https:\/\/interlab-bv.nl\/de\/produkt\/schleif-spannvorrichtung-wuerfel-universell-100-200-mm\/","title":{"rendered":"Schleif-Spannvorrichtung W\u00fcrfel universell 100 &#8211; 200\u00a0mm"},"content":{"rendered":"<p>Schleif-Spannvorrichtung W\u00fcrfel universell 100 &#8211; 200\u00a0mm zum Schleifen von 1 bis 3 rechteckigen Proben bzw. W\u00fcrfel 100, 150 und 200 mm Kantenl\u00e4nge und einer gesamten Probenl\u00e4nge von max. 350 mm bzw. Probenbreite min. 80 mm. Ausf\u00fchrung in Aluminium. Komplett mit gummiertem oberen Probengegenhalter mit Schnellspannhebel, Adapterplatte und Probenanschlag.<\/p>\n","protected":false},"excerpt":{"rendered":"zum Schleifen von 1 bis 3 rechteckigen Proben bzw. W\u00fcrfel 100, 150 und 200 mm Kantenl\u00e4nge und einer gesamten Probenl\u00e4nge von max. 350 mm bzw. Probenbreite min. 80 mm. Ausf\u00fchrung in Aluminium. Komplett mit gummiertem oberen Probengegenhalter mit &#8230;..","protected":false},"featured_media":0,"comment_status":"closed","ping_status":"closed","template":"","meta":[],"product_brand":[],"product_cat":[3650,3652],"product_tag":[3143],"class_list":{"0":"post-19904","1":"product","2":"type-product","3":"status-publish","5":"product_cat-bereich-60-planschleifmaschinen-und-saegen","6":"product_cat-planschleifmaschinen","7":"product_tag-spannvorrichtung","9":"first","10":"instock","11":"product-type-simple"},"_links":{"self":[{"href":"https:\/\/interlab-bv.nl\/de\/wp-json\/wp\/v2\/product\/19904","targetHints":{"allow":["GET"]}}],"collection":[{"href":"https:\/\/interlab-bv.nl\/de\/wp-json\/wp\/v2\/product"}],"about":[{"href":"https:\/\/interlab-bv.nl\/de\/wp-json\/wp\/v2\/types\/product"}],"replies":[{"embeddable":true,"href":"https:\/\/interlab-bv.nl\/de\/wp-json\/wp\/v2\/comments?post=19904"}],"wp:attachment":[{"href":"https:\/\/interlab-bv.nl\/de\/wp-json\/wp\/v2\/media?parent=19904"}],"wp:term":[{"taxonomy":"product_brand","embeddable":true,"href":"https:\/\/interlab-bv.nl\/de\/wp-json\/wp\/v2\/product_brand?post=19904"},{"taxonomy":"product_cat","embeddable":true,"href":"https:\/\/interlab-bv.nl\/de\/wp-json\/wp\/v2\/product_cat?post=19904"},{"taxonomy":"product_tag","embeddable":true,"href":"https:\/\/interlab-bv.nl\/de\/wp-json\/wp\/v2\/product_tag?post=19904"}],"curies":[{"name":"wp","href":"https:\/\/api.w.org\/{rel}","templated":true}]}}