{"id":19908,"date":"2022-05-11T18:27:35","date_gmt":"2022-05-13T14:50:06","guid":{"rendered":"https:\/\/interlab-bv.nl\/?post_type=product&#038;p=19908"},"modified":"2022-07-30T15:52:12","modified_gmt":"2022-07-30T14:52:12","slug":"schleif-spannvorrichtung-wuerfel-200-mm","status":"publish","type":"product","link":"https:\/\/interlab-bv.nl\/de\/produkt\/schleif-spannvorrichtung-wuerfel-200-mm\/","title":{"rendered":"Schleif-Spannvorrichtung W\u00fcrfel 200\u00a0mm"},"content":{"rendered":"<p>Schleif-Spannvorrichtung W\u00fcrfel 200\u00a0mm zum Schleifen f\u00fcr rechteckige Proben bzw. W\u00fcrfel 200 mm Kantenl\u00e4nge mit einer gesamten Probenl\u00e4nge von max. 350 mm, Probenbreite min. 130 mm. Ausf\u00fchrung in Aluminium mit Auflage. Komplett mit gummiertem oberen Probengegenhalter mit Schnellspannhebel, Adapterplatte und Probenanschlag.<\/p>\n","protected":false},"excerpt":{"rendered":"zum Schleifen f\u00fcr rechteckige Proben bzw. W\u00fcrfel 200 mm Kantenl\u00e4nge mit einer gesamten Probenl\u00e4nge von max. 350 mm, Probenbreite min. 130 mm. Ausf\u00fchrung in Aluminium mit Auflage. Komplett mit gummiertem oberen Probengegenhalter mit Schnellspannhebel, &#8230;..","protected":false},"featured_media":0,"comment_status":"closed","ping_status":"closed","template":"","meta":[],"product_brand":[],"product_cat":[3650,3652],"product_tag":[3143],"class_list":{"0":"post-19908","1":"product","2":"type-product","3":"status-publish","5":"product_cat-bereich-60-planschleifmaschinen-und-saegen","6":"product_cat-planschleifmaschinen","7":"product_tag-spannvorrichtung","9":"first","10":"instock","11":"product-type-simple"},"_links":{"self":[{"href":"https:\/\/interlab-bv.nl\/de\/wp-json\/wp\/v2\/product\/19908","targetHints":{"allow":["GET"]}}],"collection":[{"href":"https:\/\/interlab-bv.nl\/de\/wp-json\/wp\/v2\/product"}],"about":[{"href":"https:\/\/interlab-bv.nl\/de\/wp-json\/wp\/v2\/types\/product"}],"replies":[{"embeddable":true,"href":"https:\/\/interlab-bv.nl\/de\/wp-json\/wp\/v2\/comments?post=19908"}],"wp:attachment":[{"href":"https:\/\/interlab-bv.nl\/de\/wp-json\/wp\/v2\/media?parent=19908"}],"wp:term":[{"taxonomy":"product_brand","embeddable":true,"href":"https:\/\/interlab-bv.nl\/de\/wp-json\/wp\/v2\/product_brand?post=19908"},{"taxonomy":"product_cat","embeddable":true,"href":"https:\/\/interlab-bv.nl\/de\/wp-json\/wp\/v2\/product_cat?post=19908"},{"taxonomy":"product_tag","embeddable":true,"href":"https:\/\/interlab-bv.nl\/de\/wp-json\/wp\/v2\/product_tag?post=19908"}],"curies":[{"name":"wp","href":"https:\/\/api.w.org\/{rel}","templated":true}]}}