{"id":19909,"date":"2022-05-11T18:27:35","date_gmt":"2022-05-13T14:50:57","guid":{"rendered":"https:\/\/interlab-bv.nl\/?post_type=product&#038;p=19909"},"modified":"2022-07-30T15:52:12","modified_gmt":"2022-07-30T14:52:12","slug":"schleif-spannvorrichtung-prismen-wuerfel-zylinder","status":"publish","type":"product","link":"https:\/\/interlab-bv.nl\/de\/produkt\/schleif-spannvorrichtung-prismen-wuerfel-zylinder\/","title":{"rendered":"Schleif-Spannvorrichtung Prismen\/W\u00fcrfel\/Zylinder"},"content":{"rendered":"<p>Schleif-Spannvorrichtung Prismen\/W\u00fcrfel\/Zylinder verwendbar f\u00fcr prismatische Proben bis 60 x 60 x 160 mm, W\u00fcrfel 40 x 40 bis 60 x 60 mm sowie zylindrische Proben \u00d8 50 mm. Ausf\u00fchrung in Aluminium mit Auflage. Komplett mit Schnellspannhebel, Adapterplatte und Probenanschlag.<\/p>\n","protected":false},"excerpt":{"rendered":"verwendbar f\u00fcr prismatische Proben bis 60 x 60 x 160 mm, W\u00fcrfel 40 x 40 bis 60 x 60 mm sowie zylindrische Proben \u00d8 50 mm. Ausf\u00fchrung in Aluminium mit Auflage. Komplett mit Schnellspannhebel, Adapterplatte und Probenanschlag.","protected":false},"featured_media":0,"comment_status":"closed","ping_status":"closed","template":"","meta":[],"product_brand":[],"product_cat":[3650,3652],"product_tag":[3143],"class_list":{"0":"post-19909","1":"product","2":"type-product","3":"status-publish","5":"product_cat-bereich-60-planschleifmaschinen-und-saegen","6":"product_cat-planschleifmaschinen","7":"product_tag-spannvorrichtung","9":"first","10":"instock","11":"product-type-simple"},"_links":{"self":[{"href":"https:\/\/interlab-bv.nl\/de\/wp-json\/wp\/v2\/product\/19909","targetHints":{"allow":["GET"]}}],"collection":[{"href":"https:\/\/interlab-bv.nl\/de\/wp-json\/wp\/v2\/product"}],"about":[{"href":"https:\/\/interlab-bv.nl\/de\/wp-json\/wp\/v2\/types\/product"}],"replies":[{"embeddable":true,"href":"https:\/\/interlab-bv.nl\/de\/wp-json\/wp\/v2\/comments?post=19909"}],"wp:attachment":[{"href":"https:\/\/interlab-bv.nl\/de\/wp-json\/wp\/v2\/media?parent=19909"}],"wp:term":[{"taxonomy":"product_brand","embeddable":true,"href":"https:\/\/interlab-bv.nl\/de\/wp-json\/wp\/v2\/product_brand?post=19909"},{"taxonomy":"product_cat","embeddable":true,"href":"https:\/\/interlab-bv.nl\/de\/wp-json\/wp\/v2\/product_cat?post=19909"},{"taxonomy":"product_tag","embeddable":true,"href":"https:\/\/interlab-bv.nl\/de\/wp-json\/wp\/v2\/product_tag?post=19909"}],"curies":[{"name":"wp","href":"https:\/\/api.w.org\/{rel}","templated":true}]}}