{"id":19921,"date":"2022-05-11T18:27:33","date_gmt":"2022-05-13T15:06:05","guid":{"rendered":"https:\/\/interlab-bv.nl\/?post_type=product&#038;p=19921"},"modified":"2022-07-30T15:52:14","modified_gmt":"2022-07-30T14:52:14","slug":"wegmesssystem-fuer-schleifkoepfe-reli","status":"publish","type":"product","link":"https:\/\/interlab-bv.nl\/de\/produkt\/wegmesssystem-fuer-schleifkoepfe-reli\/","title":{"rendered":"Wegmesssystem f\u00fcr Schleifk\u00f6pfe re+li."},"content":{"rendered":"<p>Wegmesssystem f\u00fcr Schleifk\u00f6pfe re+li. als elektronische Messeinrichtung, die w\u00e4hrend des Schleifens die aktuelle Probenh\u00f6he (d.h. den Abstand der Schleift\u00f6pfe zueinander) ermittelt und diesen auf einer LCD-Anzeige an einem Anzeigeger\u00e4t darstellt. Das Schleifen wird automatisch beendet, wenn die am Anzeigeger\u00e4t voreingestellte Probenh\u00f6he erreicht wurde. Der Lieferumfang enth\u00e4lt ein elektronisches Z\u00e4hl- und Auswertemodul mit Geh\u00e4use und Halterung zum Anbau an das Bedienpult, die Integration der Messeinrichtung in die Maschinensteuerung und zwei pr\u00e4zise, digitale Wegmesssysteme (Aufl\u00f6sung 0,01mm), jeweils angebaut an die Schleifeinheiten. Die Reproduzierbarkeit und absolute Genauigkeit der geschliffenen Probenh\u00f6hen h\u00e4ngt von der gew\u00e4hlten Zustellung und der Ber\u00fccksichtigung des Werkzeugverschlei\u00dfes ab.<\/p>\n","protected":false},"excerpt":{"rendered":"als elektronische Messeinrichtung, die w\u00e4hrend des Schleifens die aktuelle Probenh\u00f6he (d.h. den Abstand der Schleift\u00f6pfe zueinander) ermittelt und diesen auf einer LCD-Anzeige an einem Anzeigeger\u00e4t darstellt. Das Schleifen wird automatisch beendet, &#8230;..","protected":false},"featured_media":0,"comment_status":"closed","ping_status":"closed","template":"","meta":[],"product_brand":[],"product_cat":[3650,3652],"product_tag":[3156],"class_list":{"0":"post-19921","1":"product","2":"type-product","3":"status-publish","5":"product_cat-bereich-60-planschleifmaschinen-und-saegen","6":"product_cat-planschleifmaschinen","7":"product_tag-wegmesssystem","9":"first","10":"instock","11":"product-type-simple"},"_links":{"self":[{"href":"https:\/\/interlab-bv.nl\/de\/wp-json\/wp\/v2\/product\/19921","targetHints":{"allow":["GET"]}}],"collection":[{"href":"https:\/\/interlab-bv.nl\/de\/wp-json\/wp\/v2\/product"}],"about":[{"href":"https:\/\/interlab-bv.nl\/de\/wp-json\/wp\/v2\/types\/product"}],"replies":[{"embeddable":true,"href":"https:\/\/interlab-bv.nl\/de\/wp-json\/wp\/v2\/comments?post=19921"}],"wp:attachment":[{"href":"https:\/\/interlab-bv.nl\/de\/wp-json\/wp\/v2\/media?parent=19921"}],"wp:term":[{"taxonomy":"product_brand","embeddable":true,"href":"https:\/\/interlab-bv.nl\/de\/wp-json\/wp\/v2\/product_brand?post=19921"},{"taxonomy":"product_cat","embeddable":true,"href":"https:\/\/interlab-bv.nl\/de\/wp-json\/wp\/v2\/product_cat?post=19921"},{"taxonomy":"product_tag","embeddable":true,"href":"https:\/\/interlab-bv.nl\/de\/wp-json\/wp\/v2\/product_tag?post=19921"}],"curies":[{"name":"wp","href":"https:\/\/api.w.org\/{rel}","templated":true}]}}