{"id":20077,"date":"2021-10-03T15:01:39","date_gmt":"2021-10-03T14:01:39","guid":{"rendered":"https:\/\/interlab-bv.nl\/product\/prazisions-messuhr-30x0-01-mm\/"},"modified":"2022-07-30T15:51:00","modified_gmt":"2022-07-30T14:51:00","slug":"prazisions-messuhr-30x0-01-mm","status":"publish","type":"product","link":"https:\/\/interlab-bv.nl\/de\/produkt\/prazisions-messuhr-30x0-01-mm\/","title":{"rendered":"Pr\u00e4zisions-Messuhr 30\u00d70.01 mm"},"content":{"rendered":"<p>Pr\u00e4zisions-Messuhr 30\u00d70.01\u00a0mm<\/p>\n","protected":false},"excerpt":{"rendered":"Pr\u00e4zisions-Messuhr 30\u00d70.01\u00a0mm","protected":false},"featured_media":17231,"comment_status":"closed","ping_status":"closed","template":"","meta":[],"product_brand":[],"product_cat":[2108,2188],"product_tag":[3171,3122],"class_list":{"0":"post-20077","1":"product","2":"type-product","3":"status-publish","4":"has-post-thumbnail","6":"product_cat-bereich-42-mineralstoffe","7":"product_cat-dichtebestimmung-und-schuettdichte","8":"product_tag-messuhr","9":"product_tag-zubehoer","11":"first","12":"instock","13":"product-type-simple"},"_links":{"self":[{"href":"https:\/\/interlab-bv.nl\/de\/wp-json\/wp\/v2\/product\/20077","targetHints":{"allow":["GET"]}}],"collection":[{"href":"https:\/\/interlab-bv.nl\/de\/wp-json\/wp\/v2\/product"}],"about":[{"href":"https:\/\/interlab-bv.nl\/de\/wp-json\/wp\/v2\/types\/product"}],"replies":[{"embeddable":true,"href":"https:\/\/interlab-bv.nl\/de\/wp-json\/wp\/v2\/comments?post=20077"}],"wp:featuredmedia":[{"embeddable":true,"href":"https:\/\/interlab-bv.nl\/de\/wp-json\/wp\/v2\/media\/17231"}],"wp:attachment":[{"href":"https:\/\/interlab-bv.nl\/de\/wp-json\/wp\/v2\/media?parent=20077"}],"wp:term":[{"taxonomy":"product_brand","embeddable":true,"href":"https:\/\/interlab-bv.nl\/de\/wp-json\/wp\/v2\/product_brand?post=20077"},{"taxonomy":"product_cat","embeddable":true,"href":"https:\/\/interlab-bv.nl\/de\/wp-json\/wp\/v2\/product_cat?post=20077"},{"taxonomy":"product_tag","embeddable":true,"href":"https:\/\/interlab-bv.nl\/de\/wp-json\/wp\/v2\/product_tag?post=20077"}],"curies":[{"name":"wp","href":"https:\/\/api.w.org\/{rel}","templated":true}]}}