{"id":20084,"date":"2021-10-03T15:01:37","date_gmt":"2021-10-03T14:01:37","guid":{"rendered":"https:\/\/interlab-bv.nl\/product\/schuttelvorrichtung-12-fach\/"},"modified":"2022-07-30T15:50:23","modified_gmt":"2022-07-30T14:50:23","slug":"schuttelvorrichtung-12-fach","status":"publish","type":"product","link":"https:\/\/interlab-bv.nl\/de\/produkt\/schuttelvorrichtung-12-fach\/","title":{"rendered":"Sch\u00fcttelvorrichtung 12-fach"},"content":{"rendered":"<p>Sch\u00fcttelvorrichtung 12-fach nach zur Bestimmung der Wasserempfindlichkeit von feinen Gesteinsk\u00f6rnungen.<\/p>\n<p>Komplett mit Haltevorrichtung f\u00fcr 12 Sch\u00fcttelzylinder 42-1210. Elektroantrieb ( 20 rpm) mit Vorwahlz\u00e4hler und Sicherheitsgeh\u00e4use mit Klappdeckel. Sch\u00fcttelzylinder 42-1210 sowie Verdichtungsformen 42-1220 (je 6 bzw. 12 St\u00fcck) sowie Verdichtungsstempel 42-1222 sowie Einf\u00fclltrichter 42-1225 (min. je 1 St\u00fcck) sind zus\u00e4tzlich zu bestellen.<\/p>\n","protected":false},"excerpt":{"rendered":"nach EN 12274-7, ASTM D6372, ISSA TB144 sowie TP-Gestein-StB Teil 6.3.3 zur Bestimmung der Wasserempfindlichkeit von feinen Gesteinsk\u00f6rnungen.\r\n\r\nKomplett mit Haltevorrichtung f\u00fcr 12 Sch\u00fcttelzylinder 42-1210. Elektroantrieb ( 20 rpm) mit \u2026..","protected":false},"featured_media":17140,"comment_status":"closed","ping_status":"closed","template":"","meta":[],"product_brand":[],"product_cat":[2108,2112],"product_tag":[3212],"class_list":{"0":"post-20084","1":"product","2":"type-product","3":"status-publish","4":"has-post-thumbnail","6":"product_cat-bereich-42-mineralstoffe","7":"product_cat-abriebpruefmaschinen","8":"product_tag-schuettelvorrichtung","10":"first","11":"instock","12":"product-type-simple"},"_links":{"self":[{"href":"https:\/\/interlab-bv.nl\/de\/wp-json\/wp\/v2\/product\/20084","targetHints":{"allow":["GET"]}}],"collection":[{"href":"https:\/\/interlab-bv.nl\/de\/wp-json\/wp\/v2\/product"}],"about":[{"href":"https:\/\/interlab-bv.nl\/de\/wp-json\/wp\/v2\/types\/product"}],"replies":[{"embeddable":true,"href":"https:\/\/interlab-bv.nl\/de\/wp-json\/wp\/v2\/comments?post=20084"}],"wp:featuredmedia":[{"embeddable":true,"href":"https:\/\/interlab-bv.nl\/de\/wp-json\/wp\/v2\/media\/17140"}],"wp:attachment":[{"href":"https:\/\/interlab-bv.nl\/de\/wp-json\/wp\/v2\/media?parent=20084"}],"wp:term":[{"taxonomy":"product_brand","embeddable":true,"href":"https:\/\/interlab-bv.nl\/de\/wp-json\/wp\/v2\/product_brand?post=20084"},{"taxonomy":"product_cat","embeddable":true,"href":"https:\/\/interlab-bv.nl\/de\/wp-json\/wp\/v2\/product_cat?post=20084"},{"taxonomy":"product_tag","embeddable":true,"href":"https:\/\/interlab-bv.nl\/de\/wp-json\/wp\/v2\/product_tag?post=20084"}],"curies":[{"name":"wp","href":"https:\/\/api.w.org\/{rel}","templated":true}]}}