{"id":20100,"date":"2021-10-03T15:03:53","date_gmt":"2021-10-03T14:03:53","guid":{"rendered":"https:\/\/interlab-bv.nl\/product\/oberflachen-verschleis-prufmaschine-2018\/"},"modified":"2022-07-30T15:56:25","modified_gmt":"2022-07-30T14:56:25","slug":"oberflachen-verschleis-prufmaschine-2018","status":"publish","type":"product","link":"https:\/\/interlab-bv.nl\/de\/produkt\/oberflachen-verschleis-prufmaschine-2018\/","title":{"rendered":"Oberfl\u00e4chen-Verschlei\u00df-Pr\u00fcfmaschine 2018"},"content":{"rendered":"<p>Oberfl\u00e4chen-Verschlei\u00df-Pr\u00fcfmaschine 2018 zur Bestimmung der Schubempfindlichkeit von Asphalt-Deckschichten<\/p>\n<p>Pr\u00fcfmaschine bestehend aus:<\/p>\n<ul>\n<li>Pr\u00fcfrahmen mit Pr\u00fcfrad<\/li>\n<li>Pr\u00fcfrad mit Vertikal-Kraftmessung und pneumatischer Belastungseinrichtung (automatisch)<\/li>\n<li>beheizte Probenform f\u00fcr Probenabmessungen 260x260mm<\/li>\n<li>Antriebsmotor f\u00fcr eine gekoppelte Dreh-Fahr-Bewegung des Pr\u00fcfrades auf der Probe.<\/li>\n<li>Pr\u00fcfraum eingehaust mit transparenter Schutzt\u00fcr<\/li>\n<li>Messung und Protokollierung der Oberfl\u00e4chentemperatur der Probe mit IR-Thermometern<\/li>\n<li>Absaugeinrichtung mit Zyklonabscheider f\u00fcr abgel\u00f6ste K\u00f6rner<\/li>\n<li>Steuerung \u00fcber PC mit Bildschirm und Tastatur<\/li>\n<li>Konfigurierbarer Pr\u00fcfablauf (Zyklenzahl, Geschwindigkeit, Last, \u2026)<\/li>\n<li>Anschlu\u00df<\/li>\n<li>Druckluft min. 5 bar<\/li>\n<\/ul>\n","protected":false},"excerpt":{"rendered":"EN 12697-50 Anhang B zur Bestimmung der Schubempfindlichkeit von Asphalt-Deckschichten","protected":false},"featured_media":17606,"comment_status":"closed","ping_status":"closed","template":"","meta":[],"product_brand":[],"product_cat":[1742,2042],"product_tag":[3127,3235],"class_list":{"0":"post-20100","1":"product","2":"type-product","3":"status-publish","4":"has-post-thumbnail","6":"product_cat-bereich-20-asphalt-bitumen","7":"product_cat-performance-pruefungen","8":"product_tag-asphalt-de","9":"product_tag-pruefmaschine","11":"first","12":"instock","13":"taxable","14":"shipping-taxable","15":"product-type-simple"},"_links":{"self":[{"href":"https:\/\/interlab-bv.nl\/de\/wp-json\/wp\/v2\/product\/20100","targetHints":{"allow":["GET"]}}],"collection":[{"href":"https:\/\/interlab-bv.nl\/de\/wp-json\/wp\/v2\/product"}],"about":[{"href":"https:\/\/interlab-bv.nl\/de\/wp-json\/wp\/v2\/types\/product"}],"replies":[{"embeddable":true,"href":"https:\/\/interlab-bv.nl\/de\/wp-json\/wp\/v2\/comments?post=20100"}],"wp:featuredmedia":[{"embeddable":true,"href":"https:\/\/interlab-bv.nl\/de\/wp-json\/wp\/v2\/media\/17606"}],"wp:attachment":[{"href":"https:\/\/interlab-bv.nl\/de\/wp-json\/wp\/v2\/media?parent=20100"}],"wp:term":[{"taxonomy":"product_brand","embeddable":true,"href":"https:\/\/interlab-bv.nl\/de\/wp-json\/wp\/v2\/product_brand?post=20100"},{"taxonomy":"product_cat","embeddable":true,"href":"https:\/\/interlab-bv.nl\/de\/wp-json\/wp\/v2\/product_cat?post=20100"},{"taxonomy":"product_tag","embeddable":true,"href":"https:\/\/interlab-bv.nl\/de\/wp-json\/wp\/v2\/product_tag?post=20100"}],"curies":[{"name":"wp","href":"https:\/\/api.w.org\/{rel}","templated":true}]}}