{"id":20104,"date":"2021-10-03T14:59:50","date_gmt":"2021-10-03T13:59:50","guid":{"rendered":"https:\/\/interlab-bv.nl\/product\/spurbildungstestgerat-luft-wasser\/"},"modified":"2022-07-30T15:56:33","modified_gmt":"2022-07-30T14:56:33","slug":"spurbildungstestgerat-luft-wasser","status":"publish","type":"product","link":"https:\/\/interlab-bv.nl\/de\/produkt\/spurbildungstestgerat-luft-wasser\/","title":{"rendered":"Spurbildungstestger\u00e4t Luft\/Wasser"},"content":{"rendered":"<p>Spurbildungstestger\u00e4t Luft\/Wasser kleines Rad f\u00fcr Asphaltproben Luft\/Wasser<\/p>\n<p>&nbsp;<\/p>\n<p>besteht aus einem Stahlblechgeh\u00e4use in Pultform mit Innenbeh\u00e4lter in Edelstahl 1.4301 und einem gro\u00dfem Klappdeckel mit Sichtfenster. Im Innenraum sind zwei Versuchspl\u00e4tze mit zum Massenausgleich gegenl\u00e4ufigen Rollradeinheiten eingebaut. Der Antrieb beider Einheiten erfolgt \u00fcber einen Omega-Zahnriemenantrieb mit frequenzgeregeltem Antriebsmotor und konstanter Auflast \u00fcber Hebelsystem. Die F\u00fchrung der Rollradeinheiten erfolgt in verkippsicheren F\u00fchrungselementen.<\/p>\n<p>Die Beheizung erfolgt mittels Heizst\u00e4ben und PID-Regler f\u00fcr Versuche mit Wasser oder wahlweise \u00fcber Warmluftgebl\u00e4se bei Lufttemperierung.<\/p>\n<p>Zum Probeneinbau k\u00f6nnen die Rollr\u00e4der mit Tragarm vom Antrieb abgekoppelt und seitlich ausserhalb des Einbaubereichs abgesetzt werden. Auf der Probenlagerplatte rechts und links k\u00f6nnen verschiedene Probenspannplattens\u00e4tze (20-4020..23) bzw. Eingipsformen (20-4015..16) aufgebaut werden.<\/p>\n<p>Im Lieferumfang enthalten sind die zwei Rollr\u00e4der mit Gummiauflage. Diese k\u00f6nnen einfach ausgetauscht bzw. durch Edelstahlrollr\u00e4der (20-4000E100) ersetzt werden. Beim Versuchsstart k\u00f6nnen die Rollradeinheiten durch die eingebauten Hubvorrichtungen programmgesteuert abgesenkt und am Versuchsende wieder angehoben werden.<\/p>\n<p>Die Versuchsablaufsteuerung mit Heizungsregelung, laufende Registrierung der Innenraumtemperaturen, Anzahl der \u00dcberg\u00e4nge und Spurbildungstiefen erfolgt \u00fcber Software mit M\u00f6glichkeit des Protokollausdrucks und vorw\u00e4hlbaren Ablaufprogrammen. Diese k\u00f6nnen auch vom Anwender individuell selbst erstellt werden.<\/p>\n<p>Komplett mit integrierter Ein- und Ausgabeeinheit mit Touch Screen und Tastatur. Die Probenspannplattens\u00e4tze 20-4020..23 bzw. Eingipsformen 20-4015..16 geh\u00f6ren nicht zum Lieferumfang und sind zus\u00e4tzlich zu bestellen.<\/p>\n<p>&nbsp;<\/p>\n<p>Spezifikationen:<\/p>\n<ul>\n<li>Probenabmessung max. 300 x 400 mm<\/li>\n<li>Probenh\u00f6he 40..120 mm<\/li>\n<li>Rollrad \u00d8 203 mm, Breite 50 mm mit Gummiauflage 20 mm<\/li>\n<li>Rollweg 230 mm<\/li>\n<li>\u00dcberrollungen pro Minute 53 bzw. 42<\/li>\n<li>Messweg 65..165 mm<\/li>\n<li>Auflast 710 N<\/li>\n<li>Versuchstemperatur Wasser 30..70\u00b0 C<\/li>\n<li>Messbereich Setzung 0..20 mm Aufl\u00f6sung 0.01 mm<\/li>\n<li>Benutzersprache Deutsch\/Englisch<\/li>\n<\/ul>\n","protected":false},"excerpt":{"rendered":"EN 12697\/22 \u2013 ASHTOO T324 Pr\u00fcfverfahren f\u00fcr Hei\u00dfasphalt\u00a0\u2013 Spurbildungstest","protected":false},"featured_media":16708,"comment_status":"closed","ping_status":"closed","template":"","meta":[],"product_brand":[],"product_cat":[1742,2042],"product_tag":[3123,3246],"class_list":{"0":"post-20104","1":"product","2":"type-product","3":"status-publish","4":"has-post-thumbnail","6":"product_cat-bereich-20-asphalt-bitumen","7":"product_cat-performance-pruefungen","8":"product_tag-luft-wasser","9":"product_tag-spurbildungstestgeraet","11":"first","12":"instock","13":"product-type-simple"},"_links":{"self":[{"href":"https:\/\/interlab-bv.nl\/de\/wp-json\/wp\/v2\/product\/20104","targetHints":{"allow":["GET"]}}],"collection":[{"href":"https:\/\/interlab-bv.nl\/de\/wp-json\/wp\/v2\/product"}],"about":[{"href":"https:\/\/interlab-bv.nl\/de\/wp-json\/wp\/v2\/types\/product"}],"replies":[{"embeddable":true,"href":"https:\/\/interlab-bv.nl\/de\/wp-json\/wp\/v2\/comments?post=20104"}],"wp:featuredmedia":[{"embeddable":true,"href":"https:\/\/interlab-bv.nl\/de\/wp-json\/wp\/v2\/media\/16708"}],"wp:attachment":[{"href":"https:\/\/interlab-bv.nl\/de\/wp-json\/wp\/v2\/media?parent=20104"}],"wp:term":[{"taxonomy":"product_brand","embeddable":true,"href":"https:\/\/interlab-bv.nl\/de\/wp-json\/wp\/v2\/product_brand?post=20104"},{"taxonomy":"product_cat","embeddable":true,"href":"https:\/\/interlab-bv.nl\/de\/wp-json\/wp\/v2\/product_cat?post=20104"},{"taxonomy":"product_tag","embeddable":true,"href":"https:\/\/interlab-bv.nl\/de\/wp-json\/wp\/v2\/product_tag?post=20104"}],"curies":[{"name":"wp","href":"https:\/\/api.w.org\/{rel}","templated":true}]}}