{"id":20111,"date":"2021-10-03T14:59:52","date_gmt":"2021-10-03T13:59:52","guid":{"rendered":"https:\/\/interlab-bv.nl\/product\/probenspannplatten-260-x-320-mm-satz-re-li\/"},"modified":"2022-07-30T15:56:31","modified_gmt":"2022-07-30T14:56:31","slug":"probenspannplatten-260-x-320-mm-satz-re-li","status":"publish","type":"product","link":"https:\/\/interlab-bv.nl\/de\/produkt\/probenspannplatten-260-x-320-mm-satz-re-li\/","title":{"rendered":"Probenspannplatten 260 x 320 mm (Satz re.\/li.)"},"content":{"rendered":"<p>Probenspannplatten 260 x 320\u00a0mm (Satz re.\/li.) zum Einsatz im Spurbildungsger\u00e4t f\u00fcr Asphaltproben 40 .. 120 mm H\u00f6he. Ausf\u00fchrung in Edelstahl mit zwei festen und zwei abnehmbaren Seitenteilen, fixiert mit Schnellspannelementen. Komplett mit h\u00f6henverstellbarem Zwischenboden im Raster 20 mm sowie zus\u00e4tzlichen Einlegeplatten 2, 5 und 10 mm hoch.<\/p>\n","protected":false},"excerpt":{"rendered":"zum Einsatz im Spurbildungsger\u00e4t f\u00fcr Asphaltproben 40 .. 120 mm H\u00f6he. Ausf\u00fchrung in Edelstahl mit zwei festen und zwei abnehmbaren Seitenteilen, fixiert mit Schnellspannelementen. Komplett mit h\u00f6henverstellbarem Zwischenboden im Raster 20 mm sowie \u2026..","protected":false},"featured_media":16756,"comment_status":"closed","ping_status":"closed","template":"","meta":[],"product_brand":[],"product_cat":[1742,2042],"product_tag":[],"class_list":{"0":"post-20111","1":"product","2":"type-product","3":"status-publish","4":"has-post-thumbnail","6":"product_cat-bereich-20-asphalt-bitumen","7":"product_cat-performance-pruefungen","9":"first","10":"instock","11":"product-type-simple"},"_links":{"self":[{"href":"https:\/\/interlab-bv.nl\/de\/wp-json\/wp\/v2\/product\/20111","targetHints":{"allow":["GET"]}}],"collection":[{"href":"https:\/\/interlab-bv.nl\/de\/wp-json\/wp\/v2\/product"}],"about":[{"href":"https:\/\/interlab-bv.nl\/de\/wp-json\/wp\/v2\/types\/product"}],"replies":[{"embeddable":true,"href":"https:\/\/interlab-bv.nl\/de\/wp-json\/wp\/v2\/comments?post=20111"}],"wp:featuredmedia":[{"embeddable":true,"href":"https:\/\/interlab-bv.nl\/de\/wp-json\/wp\/v2\/media\/16756"}],"wp:attachment":[{"href":"https:\/\/interlab-bv.nl\/de\/wp-json\/wp\/v2\/media?parent=20111"}],"wp:term":[{"taxonomy":"product_brand","embeddable":true,"href":"https:\/\/interlab-bv.nl\/de\/wp-json\/wp\/v2\/product_brand?post=20111"},{"taxonomy":"product_cat","embeddable":true,"href":"https:\/\/interlab-bv.nl\/de\/wp-json\/wp\/v2\/product_cat?post=20111"},{"taxonomy":"product_tag","embeddable":true,"href":"https:\/\/interlab-bv.nl\/de\/wp-json\/wp\/v2\/product_tag?post=20111"}],"curies":[{"name":"wp","href":"https:\/\/api.w.org\/{rel}","templated":true}]}}