{"id":20118,"date":"2021-10-03T15:00:15","date_gmt":"2021-10-03T14:00:15","guid":{"rendered":"https:\/\/interlab-bv.nl\/product\/walzsektorverdichter-30-kn-2\/"},"modified":"2022-07-30T15:56:31","modified_gmt":"2022-07-30T14:56:31","slug":"walzsektorverdichter-30-kn-2","status":"publish","type":"product","link":"https:\/\/interlab-bv.nl\/de\/produkt\/walzsektorverdichter-30-kn-2\/","title":{"rendered":"Walzsektorverdichter 30 kN"},"content":{"rendered":"<p>Walzsektorverdichter 30\u00a0kN zur Herstellung von Walzasphaltproben 410 x 260 mm, H\u00f6he 40..120 mm.<\/p>\n<p>&nbsp;<\/p>\n<p>Stabiles Stahlblechgeh\u00e4use mit Sicherheitst\u00fcr und elektrisch angetriebener Grundtraverse mit darauf aufgebauter Probenform. Die Verdichtung erfolgt \u00fcber ein Walzsegment mit kraft-\/weggeregelter Antriebseinrichtung von oben. Die Probenform und das Walzsegment sind mit einer \u00fcber die Software gesteuerten Heizung ausgestattet. Die Messung von Kraft und Weg erfolgt \u00fcber elektronische Aufnehmer. Der gesamte Verdichtungsvorgang wird mit einer Windows Software und PC \u00fcber vorw\u00e4hlbare Ablaufprogramme gesteuert. Diese k\u00f6nnen auch vom Anwender individuell selbst erstellt werden. Die Maschinen- und Ablaufsteuerung erfolgt \u00fcber eine integrierte und an einem Schwenkarm montierte Ein- und Ausgabeeinheit mit Touch Screen. Wahlweise kann die Eingabe auch \u00fcber eine Tastatur erfolgen.<\/p>\n<p>Spezifikationen:<\/p>\n<ul>\n<li>Walzkraft: 0..30 kN<\/li>\n<li>Walzgeschwindigkeit: 45 \u00dcberg\u00e4nge\/min.<\/li>\n<li>Probenabmessung: 410 x 260 mm<\/li>\n<li>Probenh\u00f6he: 40..120 mm<\/li>\n<\/ul>\n<p>Andere Probenabmessungen lieferbar auf Anfrage.<\/p>\n","protected":false},"excerpt":{"rendered":"EN 12697\/33 Teil 5.2 \u2013 TP-A 33\/2007 zur Herstellung von Walzasphaltproben 410 x 260 mm, H\u00f6he 40..120 mm.","protected":false},"featured_media":16812,"comment_status":"closed","ping_status":"closed","template":"","meta":[],"product_brand":[],"product_cat":[1742,2042],"product_tag":[],"class_list":{"0":"post-20118","1":"product","2":"type-product","3":"status-publish","4":"has-post-thumbnail","6":"product_cat-bereich-20-asphalt-bitumen","7":"product_cat-performance-pruefungen","9":"first","10":"instock","11":"product-type-simple"},"_links":{"self":[{"href":"https:\/\/interlab-bv.nl\/de\/wp-json\/wp\/v2\/product\/20118","targetHints":{"allow":["GET"]}}],"collection":[{"href":"https:\/\/interlab-bv.nl\/de\/wp-json\/wp\/v2\/product"}],"about":[{"href":"https:\/\/interlab-bv.nl\/de\/wp-json\/wp\/v2\/types\/product"}],"replies":[{"embeddable":true,"href":"https:\/\/interlab-bv.nl\/de\/wp-json\/wp\/v2\/comments?post=20118"}],"wp:featuredmedia":[{"embeddable":true,"href":"https:\/\/interlab-bv.nl\/de\/wp-json\/wp\/v2\/media\/16812"}],"wp:attachment":[{"href":"https:\/\/interlab-bv.nl\/de\/wp-json\/wp\/v2\/media?parent=20118"}],"wp:term":[{"taxonomy":"product_brand","embeddable":true,"href":"https:\/\/interlab-bv.nl\/de\/wp-json\/wp\/v2\/product_brand?post=20118"},{"taxonomy":"product_cat","embeddable":true,"href":"https:\/\/interlab-bv.nl\/de\/wp-json\/wp\/v2\/product_cat?post=20118"},{"taxonomy":"product_tag","embeddable":true,"href":"https:\/\/interlab-bv.nl\/de\/wp-json\/wp\/v2\/product_tag?post=20118"}],"curies":[{"name":"wp","href":"https:\/\/api.w.org\/{rel}","templated":true}]}}